{"id":10,"date":"2018-11-13T11:12:41","date_gmt":"2018-11-13T17:12:41","guid":{"rendered":"https:\/\/themes.getmotopress.com\/palmeria\/booking-confirmation\/transaction-failed\/"},"modified":"2022-11-03T13:32:57","modified_gmt":"2022-11-03T19:32:57","slug":"transaccion-fallida","status":"publish","type":"page","link":"https:\/\/ro-house.com\/en\/confirmacion-de-reservacion\/transaccion-fallida\/","title":{"rendered":"Transaction Failed"},"content":{"rendered":"<style>.wp-block-kadence-spacer.kt-block-spacer-_e9cdb3-c1 .kt-block-spacer{height:60px;}.wp-block-kadence-spacer.kt-block-spacer-_e9cdb3-c1 .kt-divider{border-top-width:1px;height:1px;border-top-color:#b34a4a;width:80%;border-top-style:solid;}<\/style>\n<div class=\"wp-block-kadence-spacer aligncenter kt-block-spacer-_e9cdb3-c1\"><div class=\"kt-block-spacer kt-block-spacer-halign-center\"><hr class=\"kt-divider\"\/><\/div><\/div>\n\n\n\n<p>Unfortunately, your transaction cannot be completed at this time. Please try again or contact us.<\/p>\n\n\n\n<p class=\"has-text-align-center\"><a href=\"https:\/\/ro-house.com\/en\/\">Back to top<\/a><\/p>\n\n\n<style>.wp-block-kadence-spacer.kt-block-spacer-_dcd3a0-82 .kt-block-spacer{height:60px;}.wp-block-kadence-spacer.kt-block-spacer-_dcd3a0-82 .kt-divider{border-top-width:1px;height:1px;border-top-color:#b34a4a;width:80%;border-top-style:solid;}<\/style>\n<div class=\"wp-block-kadence-spacer aligncenter kt-block-spacer-_dcd3a0-82\"><div class=\"kt-block-spacer kt-block-spacer-halign-center\"><hr class=\"kt-divider\"\/><\/div><\/div>\n\n\n<div class=\"wp-block-image\">\n<figure class=\"aligncenter size-large is-resized\"><img decoding=\"async\" src=\"https:\/\/ro-house.com\/wp-content\/uploads\/2020\/09\/RoHouse-WebApp01.png\" alt=\"\" class=\"wp-image-1630\" width=\"188\" height=\"188\" srcset=\"https:\/\/ro-house.com\/wp-content\/uploads\/2020\/09\/RoHouse-WebApp01.png 512w, https:\/\/ro-house.com\/wp-content\/uploads\/2020\/09\/RoHouse-WebApp01-300x300.png 300w, https:\/\/ro-house.com\/wp-content\/uploads\/2020\/09\/RoHouse-WebApp01-150x150.png 150w\" sizes=\"(max-width: 188px) 100vw, 188px\" \/><\/figure><\/div>","protected":false},"excerpt":{"rendered":"<p>Desafortunadamente, su transacci\u00f3n no se puede completar en este momento. Int\u00e9ntelo de nuevo o cont\u00e1ctenos. Volver al Inicio<\/p>","protected":false},"author":3,"featured_media":1494,"parent":587,"menu_order":0,"comment_status":"closed","ping_status":"closed","template":"template-wide-page.php","meta":{"footnotes":""},"class_list":["post-10","page","type-page","status-publish","has-post-thumbnail","hentry"],"yoast_head":"<!-- This site is optimized with the Yoast SEO plugin v27.5 - https:\/\/yoast.com\/product\/yoast-seo-wordpress\/ -->\n<title>Transacci\u00f3n Fallida - Ro-House<\/title>\n<meta name=\"description\" content=\"Desafortunadamente, su transacci\u00f3n no se puede completar en este momento. Int\u00e9ntelo de nuevo o cont\u00e1ctenos.  Volver al Inicio\" \/>\n<meta name=\"robots\" content=\"index, nofollow, max-snippet:-1, max-image-preview:large, max-video-preview:-1\" \/>\n<link rel=\"canonical\" href=\"https:\/\/ro-house.com\/en\/confirmacion-de-reservacion\/transaccion-fallida\/\" \/>\n<meta property=\"og:locale\" content=\"en_US\" \/>\n<meta property=\"og:type\" content=\"article\" \/>\n<meta property=\"og:title\" content=\"Transacci\u00f3n Fallida - Ro-House\" \/>\n<meta property=\"og:description\" content=\"Desafortunadamente, su transacci\u00f3n no se puede completar en este momento. Int\u00e9ntelo de nuevo o cont\u00e1ctenos.  Volver al Inicio\" \/>\n<meta property=\"og:url\" content=\"https:\/\/ro-house.com\/en\/confirmacion-de-reservacion\/transaccion-fallida\/\" \/>\n<meta property=\"og:site_name\" content=\"Ro-House\" \/>\n<meta property=\"article:modified_time\" content=\"2022-11-03T19:32:57+00:00\" \/>\n<meta property=\"og:image\" content=\"https:\/\/ro-house.com\/wp-content\/uploads\/2020\/09\/Ro-House-About-02.jpg\" \/>\n\t<meta property=\"og:image:width\" content=\"1980\" \/>\n\t<meta property=\"og:image:height\" content=\"1247\" \/>\n\t<meta property=\"og:image:type\" content=\"image\/jpeg\" \/>\n<meta name=\"twitter:card\" content=\"summary_large_image\" \/>\n<meta name=\"twitter:label1\" content=\"Est. reading time\" \/>\n\t<meta name=\"twitter:data1\" content=\"1 minute\" \/>\n<script type=\"application\/ld+json\" class=\"yoast-schema-graph\">{\"@context\":\"https:\\\/\\\/schema.org\",\"@graph\":[{\"@type\":\"WebPage\",\"@id\":\"https:\\\/\\\/ro-house.com\\\/confirmacion-de-reservacion\\\/transaccion-fallida\\\/\",\"url\":\"https:\\\/\\\/ro-house.com\\\/confirmacion-de-reservacion\\\/transaccion-fallida\\\/\",\"name\":\"Transacci\u00f3n Fallida - Ro-House\",\"isPartOf\":{\"@id\":\"https:\\\/\\\/ro-house.com\\\/#website\"},\"primaryImageOfPage\":{\"@id\":\"https:\\\/\\\/ro-house.com\\\/confirmacion-de-reservacion\\\/transaccion-fallida\\\/#primaryimage\"},\"image\":{\"@id\":\"https:\\\/\\\/ro-house.com\\\/confirmacion-de-reservacion\\\/transaccion-fallida\\\/#primaryimage\"},\"thumbnailUrl\":\"https:\\\/\\\/ro-house.com\\\/wp-content\\\/uploads\\\/2020\\\/09\\\/Ro-House-About-02.jpg\",\"datePublished\":\"2018-11-13T17:12:41+00:00\",\"dateModified\":\"2022-11-03T19:32:57+00:00\",\"description\":\"Desafortunadamente, su transacci\u00f3n no se puede completar en este momento. Int\u00e9ntelo de nuevo o cont\u00e1ctenos. Volver al Inicio\",\"breadcrumb\":{\"@id\":\"https:\\\/\\\/ro-house.com\\\/confirmacion-de-reservacion\\\/transaccion-fallida\\\/#breadcrumb\"},\"inLanguage\":\"en-US\",\"potentialAction\":[{\"@type\":\"ReadAction\",\"target\":[\"https:\\\/\\\/ro-house.com\\\/confirmacion-de-reservacion\\\/transaccion-fallida\\\/\"]}]},{\"@type\":\"ImageObject\",\"inLanguage\":\"en-US\",\"@id\":\"https:\\\/\\\/ro-house.com\\\/confirmacion-de-reservacion\\\/transaccion-fallida\\\/#primaryimage\",\"url\":\"https:\\\/\\\/ro-house.com\\\/wp-content\\\/uploads\\\/2020\\\/09\\\/Ro-House-About-02.jpg\",\"contentUrl\":\"https:\\\/\\\/ro-house.com\\\/wp-content\\\/uploads\\\/2020\\\/09\\\/Ro-House-About-02.jpg\",\"width\":1980,\"height\":1247,\"caption\":\"Ro-House - Patio Planta Alta\"},{\"@type\":\"BreadcrumbList\",\"@id\":\"https:\\\/\\\/ro-house.com\\\/confirmacion-de-reservacion\\\/transaccion-fallida\\\/#breadcrumb\",\"itemListElement\":[{\"@type\":\"ListItem\",\"position\":1,\"name\":\"Portada\",\"item\":\"https:\\\/\\\/ro-house.com\\\/\"},{\"@type\":\"ListItem\",\"position\":2,\"name\":\"Confirmaci\u00f3n de Reservaci\u00f3n\",\"item\":\"https:\\\/\\\/ro-house.com\\\/confirmacion-de-reservacion\\\/\"},{\"@type\":\"ListItem\",\"position\":3,\"name\":\"Transacci\u00f3n Fallida\"}]},{\"@type\":\"WebSite\",\"@id\":\"https:\\\/\\\/ro-house.com\\\/#website\",\"url\":\"https:\\\/\\\/ro-house.com\\\/\",\"name\":\"Ro-House\",\"description\":\"Oaxaca, M&eacute;xico\",\"publisher\":{\"@id\":\"https:\\\/\\\/ro-house.com\\\/#organization\"},\"potentialAction\":[{\"@type\":\"SearchAction\",\"target\":{\"@type\":\"EntryPoint\",\"urlTemplate\":\"https:\\\/\\\/ro-house.com\\\/?s={search_term_string}\"},\"query-input\":{\"@type\":\"PropertyValueSpecification\",\"valueRequired\":true,\"valueName\":\"search_term_string\"}}],\"inLanguage\":\"en-US\"},{\"@type\":\"Organization\",\"@id\":\"https:\\\/\\\/ro-house.com\\\/#organization\",\"name\":\"Ro-House\",\"url\":\"https:\\\/\\\/ro-house.com\\\/\",\"logo\":{\"@type\":\"ImageObject\",\"inLanguage\":\"en-US\",\"@id\":\"https:\\\/\\\/ro-house.com\\\/#\\\/schema\\\/logo\\\/image\\\/\",\"url\":\"\",\"contentUrl\":\"\",\"caption\":\"Ro-House\"},\"image\":{\"@id\":\"https:\\\/\\\/ro-house.com\\\/#\\\/schema\\\/logo\\\/image\\\/\"}}]}<\/script>\n<!-- \/ Yoast SEO plugin. -->","yoast_head_json":{"title":"Transacci\u00f3n Fallida - Ro-House","description":"Desafortunadamente, su transacci\u00f3n no se puede completar en este momento. Int\u00e9ntelo de nuevo o cont\u00e1ctenos.  Volver al Inicio","robots":{"index":"index","follow":"nofollow","max-snippet":"max-snippet:-1","max-image-preview":"max-image-preview:large","max-video-preview":"max-video-preview:-1"},"canonical":"https:\/\/ro-house.com\/en\/confirmacion-de-reservacion\/transaccion-fallida\/","og_locale":"en_US","og_type":"article","og_title":"Transacci\u00f3n Fallida - Ro-House","og_description":"Desafortunadamente, su transacci\u00f3n no se puede completar en este momento. Int\u00e9ntelo de nuevo o cont\u00e1ctenos.  Volver al Inicio","og_url":"https:\/\/ro-house.com\/en\/confirmacion-de-reservacion\/transaccion-fallida\/","og_site_name":"Ro-House","article_modified_time":"2022-11-03T19:32:57+00:00","og_image":[{"width":1980,"height":1247,"url":"https:\/\/ro-house.com\/wp-content\/uploads\/2020\/09\/Ro-House-About-02.jpg","type":"image\/jpeg"}],"twitter_card":"summary_large_image","twitter_misc":{"Est. reading time":"1 minute"},"schema":{"@context":"https:\/\/schema.org","@graph":[{"@type":"WebPage","@id":"https:\/\/ro-house.com\/confirmacion-de-reservacion\/transaccion-fallida\/","url":"https:\/\/ro-house.com\/confirmacion-de-reservacion\/transaccion-fallida\/","name":"Transacci\u00f3n Fallida - Ro-House","isPartOf":{"@id":"https:\/\/ro-house.com\/#website"},"primaryImageOfPage":{"@id":"https:\/\/ro-house.com\/confirmacion-de-reservacion\/transaccion-fallida\/#primaryimage"},"image":{"@id":"https:\/\/ro-house.com\/confirmacion-de-reservacion\/transaccion-fallida\/#primaryimage"},"thumbnailUrl":"https:\/\/ro-house.com\/wp-content\/uploads\/2020\/09\/Ro-House-About-02.jpg","datePublished":"2018-11-13T17:12:41+00:00","dateModified":"2022-11-03T19:32:57+00:00","description":"Desafortunadamente, su transacci\u00f3n no se puede completar en este momento. Int\u00e9ntelo de nuevo o cont\u00e1ctenos. Volver al Inicio","breadcrumb":{"@id":"https:\/\/ro-house.com\/confirmacion-de-reservacion\/transaccion-fallida\/#breadcrumb"},"inLanguage":"en-US","potentialAction":[{"@type":"ReadAction","target":["https:\/\/ro-house.com\/confirmacion-de-reservacion\/transaccion-fallida\/"]}]},{"@type":"ImageObject","inLanguage":"en-US","@id":"https:\/\/ro-house.com\/confirmacion-de-reservacion\/transaccion-fallida\/#primaryimage","url":"https:\/\/ro-house.com\/wp-content\/uploads\/2020\/09\/Ro-House-About-02.jpg","contentUrl":"https:\/\/ro-house.com\/wp-content\/uploads\/2020\/09\/Ro-House-About-02.jpg","width":1980,"height":1247,"caption":"Ro-House - Patio Planta Alta"},{"@type":"BreadcrumbList","@id":"https:\/\/ro-house.com\/confirmacion-de-reservacion\/transaccion-fallida\/#breadcrumb","itemListElement":[{"@type":"ListItem","position":1,"name":"Portada","item":"https:\/\/ro-house.com\/"},{"@type":"ListItem","position":2,"name":"Confirmaci\u00f3n de Reservaci\u00f3n","item":"https:\/\/ro-house.com\/confirmacion-de-reservacion\/"},{"@type":"ListItem","position":3,"name":"Transacci\u00f3n Fallida"}]},{"@type":"WebSite","@id":"https:\/\/ro-house.com\/#website","url":"https:\/\/ro-house.com\/","name":"Ro-House","description":"Oaxaca, Mexico","publisher":{"@id":"https:\/\/ro-house.com\/#organization"},"potentialAction":[{"@type":"SearchAction","target":{"@type":"EntryPoint","urlTemplate":"https:\/\/ro-house.com\/?s={search_term_string}"},"query-input":{"@type":"PropertyValueSpecification","valueRequired":true,"valueName":"search_term_string"}}],"inLanguage":"en-US"},{"@type":"Organization","@id":"https:\/\/ro-house.com\/#organization","name":"Ro-House","url":"https:\/\/ro-house.com\/","logo":{"@type":"ImageObject","inLanguage":"en-US","@id":"https:\/\/ro-house.com\/#\/schema\/logo\/image\/","url":"","contentUrl":"","caption":"Ro-House"},"image":{"@id":"https:\/\/ro-house.com\/#\/schema\/logo\/image\/"}}]}},"_links":{"self":[{"href":"https:\/\/ro-house.com\/en\/wp-json\/wp\/v2\/pages\/10","targetHints":{"allow":["GET"]}}],"collection":[{"href":"https:\/\/ro-house.com\/en\/wp-json\/wp\/v2\/pages"}],"about":[{"href":"https:\/\/ro-house.com\/en\/wp-json\/wp\/v2\/types\/page"}],"author":[{"embeddable":true,"href":"https:\/\/ro-house.com\/en\/wp-json\/wp\/v2\/users\/3"}],"replies":[{"embeddable":true,"href":"https:\/\/ro-house.com\/en\/wp-json\/wp\/v2\/comments?post=10"}],"version-history":[{"count":5,"href":"https:\/\/ro-house.com\/en\/wp-json\/wp\/v2\/pages\/10\/revisions"}],"predecessor-version":[{"id":11872,"href":"https:\/\/ro-house.com\/en\/wp-json\/wp\/v2\/pages\/10\/revisions\/11872"}],"up":[{"embeddable":true,"href":"https:\/\/ro-house.com\/en\/wp-json\/wp\/v2\/pages\/587"}],"wp:featuredmedia":[{"embeddable":true,"href":"https:\/\/ro-house.com\/en\/wp-json\/wp\/v2\/media\/1494"}],"wp:attachment":[{"href":"https:\/\/ro-house.com\/en\/wp-json\/wp\/v2\/media?parent=10"}],"curies":[{"name":"wp","href":"https:\/\/api.w.org\/{rel}","templated":true}]}}