{"id":130,"date":"2018-11-13T14:42:25","date_gmt":"2018-11-13T14:42:25","guid":{"rendered":"https:\/\/themes.getmotopress.com\/palmeria\/?page_id=130"},"modified":"2025-07-07T23:50:59","modified_gmt":"2025-07-08T05:50:59","slug":"acerca-de-ro-house","status":"publish","type":"page","link":"https:\/\/ro-house.com\/en\/acerca-de-ro-house\/","title":{"rendered":"About Ro-House"},"content":{"rendered":"<div data-elementor-type=\"wp-page\" data-elementor-id=\"130\" class=\"elementor elementor-130\" data-elementor-post-type=\"page\">\n\t\t\t\t<div class=\"elementor-element elementor-element-67d0b0a1 e-flex e-con-boxed e-con e-parent\" data-id=\"67d0b0a1\" data-element_type=\"container\" data-e-type=\"container\">\n\t\t\t\t\t<div class=\"e-con-inner\">\n\t\t\t\t<div class=\"elementor-element elementor-element-34781b38 elementor-widget elementor-widget-text-editor\" data-id=\"34781b38\" data-element_type=\"widget\" data-e-type=\"widget\" data-widget_type=\"text-editor.default\">\n\t\t\t\t<div class=\"elementor-widget-container\">\n\t\t\t\t\t\t\t\t\t\n<div class=\"wp-block-columns has-2-columns is-layout-flex wp-container-core-columns-is-layout-9d6595d7 wp-block-columns-is-layout-flex\">\n<div class=\"wp-block-column is-layout-flow wp-block-column-is-layout-flow\">\n<figure class=\"wp-block-image size-large\"><img fetchpriority=\"high\" decoding=\"async\" width=\"1024\" height=\"683\" class=\"wp-image-1496\" src=\"https:\/\/ro-house.com\/wp-content\/uploads\/2020\/09\/Ro-House-Comfort-03-1024x683.jpg\" alt=\"\" srcset=\"https:\/\/ro-house.com\/wp-content\/uploads\/2020\/09\/Ro-House-Comfort-03-1024x683.jpg 1024w, https:\/\/ro-house.com\/wp-content\/uploads\/2020\/09\/Ro-House-Comfort-03-300x200.jpg 300w, https:\/\/ro-house.com\/wp-content\/uploads\/2020\/09\/Ro-House-Comfort-03-768x512.jpg 768w, https:\/\/ro-house.com\/wp-content\/uploads\/2020\/09\/Ro-House-Comfort-03-1536x1024.jpg 1536w, https:\/\/ro-house.com\/wp-content\/uploads\/2020\/09\/Ro-House-Comfort-03-892x594.jpg 892w, https:\/\/ro-house.com\/wp-content\/uploads\/2020\/09\/Ro-House-Comfort-03-150x100.jpg 150w, https:\/\/ro-house.com\/wp-content\/uploads\/2020\/09\/Ro-House-Comfort-03.jpg 1920w\" sizes=\"(max-width: 1024px) 100vw, 1024px\" \/><\/figure>\n<\/div>\n\n<div class=\"wp-block-column is-layout-flow wp-block-column-is-layout-flow\">\n<p>Ro-House is an apartment complex located in the Downtown Area of the City of Oaxaca, Oax. Mexico.<br \/><br \/>The city center with the main attractions is only a 15 minute walk from the apartments.<\/p>\n\n<p>Our mission is enriching people\u2019s lives with pleasant vacation moments and memories.<\/p>\n\n<p>Our <a href=\"https:\/\/ro-house.com\/en\/departamentos\/\">departments<\/a> they feature: first-class rooms and a privileged location, excellent service and genuine hospitality.<\/p>\n<\/div>\n<\/div>\n\n<div class=\"wp-block-spacer\" style=\"height: 40px;\">\u00a0<\/div>\n<hr class=\"wp-block-separator is-style-wide\" \/>\n<div class=\"wp-block-spacer\" style=\"height: 30px;\">\u00a0<\/div>\n\n<div class=\"wp-block-columns has-2-columns is-layout-flex wp-container-core-columns-is-layout-9d6595d7 wp-block-columns-is-layout-flex\">\n<div class=\"wp-block-column is-layout-flow wp-block-column-is-layout-flow\">\n<h2 class=\"wp-block-heading\"><strong>Ro-House: Experience of excellent service and hospitality since 1997!<\/strong><\/h2>\n<\/div>\n\n<div class=\"wp-block-column is-layout-flow wp-block-column-is-layout-flow\">\n<p>Ro-House is a complex with traditional Oaxacan architecture located just minutes from the Z\u00f3calo of Oaxaca City.<\/p>\n\n<div class=\"wp-block-image\">\n<figure class=\"aligncenter size-large is-resized\"><a href=\"https:\/\/www.airbnb.mx\/users\/show\/40963932\" target=\"_blank\" rel=\"noopener\"><img decoding=\"async\" class=\"wp-image-4953\" src=\"https:\/\/ro-house.com\/wp-content\/uploads\/2020\/11\/Ro-house-Airbnb-logo2-1024x1024.png\" alt=\"airbnb logo\" width=\"256\" height=\"256\" srcset=\"https:\/\/ro-house.com\/wp-content\/uploads\/2020\/11\/Ro-house-Airbnb-logo2.png 1024w, https:\/\/ro-house.com\/wp-content\/uploads\/2020\/11\/Ro-house-Airbnb-logo2-300x300.png 300w, https:\/\/ro-house.com\/wp-content\/uploads\/2020\/11\/Ro-house-Airbnb-logo2-150x150.png 150w, https:\/\/ro-house.com\/wp-content\/uploads\/2020\/11\/Ro-house-Airbnb-logo2-768x768.png 768w, https:\/\/ro-house.com\/wp-content\/uploads\/2020\/11\/Ro-house-Airbnb-logo2-12x12.png 12w, https:\/\/ro-house.com\/wp-content\/uploads\/2020\/11\/Ro-house-Airbnb-logo2-892x892.png 892w\" sizes=\"(max-width: 256px) 100vw, 256px\" \/><\/a><\/figure>\n<\/div>\n\n<p>We have more than 20 years of experience hosting guests and we are affiliates of <a href=\"https:\/\/www.airbnb.mx\/users\/show\/40963932\" target=\"_blank\" rel=\"noreferrer noopener\">Airbnb<\/a> since 2015.<\/p>\n<\/div>\n<\/div>\n\n<div class=\"wp-block-spacer\" style=\"height: 30px;\">\u00a0<\/div>\n<hr class=\"wp-block-separator is-style-wide\" \/>\n<div class=\"wp-block-spacer\" style=\"height: 40px;\">\u00a0<\/div>\n\n<h2 class=\"has-text-align-center wp-block-heading\"><strong>Our Amenities<\/strong><\/h2>\n\n<p class=\"has-text-align-center\">A great variety of amenities and additional services are available for you to fully enjoy every single aspect of your trip. You\u2019ll have everything for short and long stays, for business and entertainment.<\/p>\n\n<div class=\"wp-block-spacer\" style=\"height: 30px;\">\u00a0<\/div>\n\n<div class=\"wp-block-columns has-3-columns is-layout-flex wp-container-core-columns-is-layout-9d6595d7 wp-block-columns-is-layout-flex\">\n<div class=\"wp-block-column is-layout-flow wp-block-column-is-layout-flow\">\n<figure class=\"wp-block-image size-large\"><img decoding=\"async\" width=\"500\" height=\"378\" class=\"wp-image-1535\" src=\"https:\/\/ro-house.com\/wp-content\/uploads\/2020\/09\/Services-01.jpg\" alt=\"\" srcset=\"https:\/\/ro-house.com\/wp-content\/uploads\/2020\/09\/Services-01.jpg 500w, https:\/\/ro-house.com\/wp-content\/uploads\/2020\/09\/Services-01-300x227.jpg 300w\" sizes=\"(max-width: 500px) 100vw, 500px\" \/><\/figure>\n\n<h5 class=\"wp-block-heading\"><strong>Private parking<\/strong><\/h5>\n\n<p>The complex has closed parking.<\/p>\n<\/div>\n\n<div class=\"wp-block-column is-layout-flow wp-block-column-is-layout-flow\">\n<figure class=\"wp-block-image size-large\"><img loading=\"lazy\" decoding=\"async\" width=\"500\" height=\"378\" class=\"wp-image-1537\" src=\"https:\/\/ro-house.com\/wp-content\/uploads\/2020\/09\/wifi.jpg\" alt=\"\" srcset=\"https:\/\/ro-house.com\/wp-content\/uploads\/2020\/09\/wifi.jpg 500w, https:\/\/ro-house.com\/wp-content\/uploads\/2020\/09\/wifi-300x227.jpg 300w\" sizes=\"(max-width: 500px) 100vw, 500px\" \/><\/figure>\n\n<h5 class=\"wp-block-heading\"><strong>Wifi<\/strong><\/h5>\n\n<p>High speed internet access in all areas.<\/p>\n<\/div>\n\n<div class=\"wp-block-column is-layout-flow wp-block-column-is-layout-flow\">\n<figure class=\"wp-block-image size-large\"><img loading=\"lazy\" decoding=\"async\" width=\"500\" height=\"378\" class=\"wp-image-1540\" src=\"https:\/\/ro-house.com\/wp-content\/uploads\/2020\/09\/services-03.jpg\" alt=\"\" srcset=\"https:\/\/ro-house.com\/wp-content\/uploads\/2020\/09\/services-03.jpg 500w, https:\/\/ro-house.com\/wp-content\/uploads\/2020\/09\/services-03-300x227.jpg 300w\" sizes=\"(max-width: 500px) 100vw, 500px\" \/><\/figure>\n\n<h5 class=\"wp-block-heading\"><strong>Pet Friendly<\/strong><\/h5>\n\n<p>We accept pets and we have ample space!<\/p>\n<\/div>\n<\/div>\n\n<div class=\"wp-block-columns has-3-columns is-layout-flex wp-container-core-columns-is-layout-9d6595d7 wp-block-columns-is-layout-flex\">\n<div class=\"wp-block-column is-layout-flow wp-block-column-is-layout-flow\">\n<figure class=\"wp-block-image size-large\"><img loading=\"lazy\" decoding=\"async\" width=\"500\" height=\"378\" class=\"wp-image-1591\" src=\"https:\/\/ro-house.com\/wp-content\/uploads\/2020\/09\/services-04.jpg\" alt=\"\" srcset=\"https:\/\/ro-house.com\/wp-content\/uploads\/2020\/09\/services-04.jpg 500w, https:\/\/ro-house.com\/wp-content\/uploads\/2020\/09\/services-04-300x227.jpg 300w\" sizes=\"(max-width: 500px) 100vw, 500px\" \/><\/figure>\n\n<h5 class=\"wp-block-heading\"><strong>Green areas<\/strong><\/h5>\n\n<p>Green areas to work outdoors.<\/p>\n<\/div>\n\n<div class=\"wp-block-column is-layout-flow wp-block-column-is-layout-flow\">\n<figure class=\"wp-block-image size-large\"><img loading=\"lazy\" decoding=\"async\" width=\"500\" height=\"378\" class=\"wp-image-1589\" src=\"https:\/\/ro-house.com\/wp-content\/uploads\/2020\/09\/services-05-1.jpg\" alt=\"\" srcset=\"https:\/\/ro-house.com\/wp-content\/uploads\/2020\/09\/services-05-1.jpg 500w, https:\/\/ro-house.com\/wp-content\/uploads\/2020\/09\/services-05-1-300x227.jpg 300w\" sizes=\"(max-width: 500px) 100vw, 500px\" \/><\/figure>\n\n<h5 class=\"wp-block-heading\"><strong>Excellent location<\/strong><\/h5>\n\n<p>Minutes from downtown Oaxaca.<\/p>\n<\/div>\n\n<div class=\"wp-block-column is-layout-flow wp-block-column-is-layout-flow\">\n<figure class=\"wp-block-image size-large\"><img loading=\"lazy\" decoding=\"async\" width=\"500\" height=\"378\" class=\"wp-image-1894\" src=\"https:\/\/ro-house.com\/wp-content\/uploads\/2020\/09\/services-06.jpg\" alt=\"\" srcset=\"https:\/\/ro-house.com\/wp-content\/uploads\/2020\/09\/services-06.jpg 500w, https:\/\/ro-house.com\/wp-content\/uploads\/2020\/09\/services-06-300x227.jpg 300w\" sizes=\"(max-width: 500px) 100vw, 500px\" \/><\/figure>\n\n<h5 class=\"wp-block-heading\"><strong>Genuine Hospitality<\/strong><\/h5>\n\n<p>First-class rooms, excellent services, and genuine hospitality.<\/p>\n<\/div>\n<\/div>\n\n<div class=\"wp-block-spacer\" style=\"height: 30px;\">\u00a0<\/div>\n<hr class=\"wp-block-separator is-style-wide\" \/>\n<div class=\"wp-block-spacer\" style=\"height: 30px;\">\u00a0<\/div>\n\n<div class=\"wp-block-columns has-2-columns is-layout-flex wp-container-core-columns-is-layout-9d6595d7 wp-block-columns-is-layout-flex\">\n<div class=\"wp-block-column is-layout-flow wp-block-column-is-layout-flow\">\n<h2 class=\"wp-block-heading\"><strong>We Look Great on Photos!<\/strong><\/h2>\n\n<p>Picturesque views and a traditional Oaxacan design will be a perfect addition to your photo collection from your trip.<\/p>\n<\/div>\n\n<div class=\"wp-block-column is-layout-flow wp-block-column-is-layout-flow\">\n<figure class=\"wp-block-gallery columns-2 is-cropped wp-block-gallery-2 is-layout-flex wp-block-gallery-is-layout-flex\">\n<ul class=\"blocks-gallery-grid\">\n<li class=\"blocks-gallery-item\">\n<figure><img loading=\"lazy\" decoding=\"async\" width=\"800\" height=\"526\" class=\"wp-image-1503\" src=\"https:\/\/ro-house.com\/wp-content\/uploads\/2020\/09\/Gallery-02.jpg\" alt=\"\" data-id=\"1503\" data-full-url=\"https:\/\/ro-house.com\/wp-content\/uploads\/2020\/09\/Gallery-02.jpg\" data-link=\"https:\/\/ro-house.com\/departamentos-en-oaxaca\/paraiso-personal\/attachment\/gallery-02\/\" srcset=\"https:\/\/ro-house.com\/wp-content\/uploads\/2020\/09\/Gallery-02.jpg 800w, https:\/\/ro-house.com\/wp-content\/uploads\/2020\/09\/Gallery-02-300x197.jpg 300w, https:\/\/ro-house.com\/wp-content\/uploads\/2020\/09\/Gallery-02-768x505.jpg 768w, https:\/\/ro-house.com\/wp-content\/uploads\/2020\/09\/Gallery-02-150x100.jpg 150w\" sizes=\"(max-width: 800px) 100vw, 800px\" \/><\/figure>\n<\/li>\n<li class=\"blocks-gallery-item\">\n<figure><img loading=\"lazy\" decoding=\"async\" width=\"1024\" height=\"673\" class=\"wp-image-1580\" src=\"https:\/\/ro-house.com\/wp-content\/uploads\/2020\/09\/Gallery-06-1-1024x673.jpg\" alt=\"\" data-id=\"1580\" data-full-url=\"https:\/\/ro-house.com\/wp-content\/uploads\/2020\/09\/Gallery-06-1.jpg\" data-link=\"https:\/\/ro-house.com\/galeria\/attachment\/gallery-06-1\/\" srcset=\"https:\/\/ro-house.com\/wp-content\/uploads\/2020\/09\/Gallery-06-1-1024x673.jpg 1024w, https:\/\/ro-house.com\/wp-content\/uploads\/2020\/09\/Gallery-06-1-300x197.jpg 300w, https:\/\/ro-house.com\/wp-content\/uploads\/2020\/09\/Gallery-06-1-768x505.jpg 768w, https:\/\/ro-house.com\/wp-content\/uploads\/2020\/09\/Gallery-06-1-892x586.jpg 892w, https:\/\/ro-house.com\/wp-content\/uploads\/2020\/09\/Gallery-06-1-150x100.jpg 150w, https:\/\/ro-house.com\/wp-content\/uploads\/2020\/09\/Gallery-06-1.jpg 1260w\" sizes=\"(max-width: 1024px) 100vw, 1024px\" \/><\/figure>\n<\/li>\n<li class=\"blocks-gallery-item\">\n<figure><img loading=\"lazy\" decoding=\"async\" width=\"1024\" height=\"673\" class=\"wp-image-1578\" src=\"https:\/\/ro-house.com\/wp-content\/uploads\/2020\/09\/Gallery-04-1-1024x673.jpg\" alt=\"\" data-id=\"1578\" data-full-url=\"https:\/\/ro-house.com\/wp-content\/uploads\/2020\/09\/Gallery-04-1.jpg\" data-link=\"https:\/\/ro-house.com\/galeria\/attachment\/gallery-04-1\/\" srcset=\"https:\/\/ro-house.com\/wp-content\/uploads\/2020\/09\/Gallery-04-1-1024x673.jpg 1024w, https:\/\/ro-house.com\/wp-content\/uploads\/2020\/09\/Gallery-04-1-300x197.jpg 300w, https:\/\/ro-house.com\/wp-content\/uploads\/2020\/09\/Gallery-04-1-768x505.jpg 768w, https:\/\/ro-house.com\/wp-content\/uploads\/2020\/09\/Gallery-04-1-892x586.jpg 892w, https:\/\/ro-house.com\/wp-content\/uploads\/2020\/09\/Gallery-04-1-150x100.jpg 150w, https:\/\/ro-house.com\/wp-content\/uploads\/2020\/09\/Gallery-04-1.jpg 1260w\" sizes=\"(max-width: 1024px) 100vw, 1024px\" \/><\/figure>\n<\/li>\n<li class=\"blocks-gallery-item\">\n<figure><img loading=\"lazy\" decoding=\"async\" width=\"1024\" height=\"673\" class=\"wp-image-1576\" src=\"https:\/\/ro-house.com\/wp-content\/uploads\/2020\/09\/Gallery-03-1-1024x673.jpg\" alt=\"\" data-id=\"1576\" data-full-url=\"https:\/\/ro-house.com\/wp-content\/uploads\/2020\/09\/Gallery-03-1.jpg\" data-link=\"https:\/\/ro-house.com\/galeria\/attachment\/gallery-03-1\/\" srcset=\"https:\/\/ro-house.com\/wp-content\/uploads\/2020\/09\/Gallery-03-1-1024x673.jpg 1024w, https:\/\/ro-house.com\/wp-content\/uploads\/2020\/09\/Gallery-03-1-300x197.jpg 300w, https:\/\/ro-house.com\/wp-content\/uploads\/2020\/09\/Gallery-03-1-768x505.jpg 768w, https:\/\/ro-house.com\/wp-content\/uploads\/2020\/09\/Gallery-03-1-892x586.jpg 892w, https:\/\/ro-house.com\/wp-content\/uploads\/2020\/09\/Gallery-03-1-150x100.jpg 150w, https:\/\/ro-house.com\/wp-content\/uploads\/2020\/09\/Gallery-03-1.jpg 1260w\" sizes=\"(max-width: 1024px) 100vw, 1024px\" \/><\/figure>\n<\/li>\n<li class=\"blocks-gallery-item\">\n<figure><img loading=\"lazy\" decoding=\"async\" width=\"1024\" height=\"673\" class=\"wp-image-1575\" src=\"https:\/\/ro-house.com\/wp-content\/uploads\/2020\/09\/Gallery-02-1-1024x673.jpg\" alt=\"\" data-id=\"1575\" data-full-url=\"https:\/\/ro-house.com\/wp-content\/uploads\/2020\/09\/Gallery-02-1.jpg\" data-link=\"https:\/\/ro-house.com\/galeria\/attachment\/gallery-02-1\/\" srcset=\"https:\/\/ro-house.com\/wp-content\/uploads\/2020\/09\/Gallery-02-1-1024x673.jpg 1024w, https:\/\/ro-house.com\/wp-content\/uploads\/2020\/09\/Gallery-02-1-300x197.jpg 300w, https:\/\/ro-house.com\/wp-content\/uploads\/2020\/09\/Gallery-02-1-768x505.jpg 768w, https:\/\/ro-house.com\/wp-content\/uploads\/2020\/09\/Gallery-02-1-892x586.jpg 892w, https:\/\/ro-house.com\/wp-content\/uploads\/2020\/09\/Gallery-02-1-150x100.jpg 150w, https:\/\/ro-house.com\/wp-content\/uploads\/2020\/09\/Gallery-02-1.jpg 1260w\" sizes=\"(max-width: 1024px) 100vw, 1024px\" \/><\/figure>\n<\/li>\n<li class=\"blocks-gallery-item\">\n<figure><img loading=\"lazy\" decoding=\"async\" width=\"1024\" height=\"673\" class=\"wp-image-1574\" src=\"https:\/\/ro-house.com\/wp-content\/uploads\/2020\/09\/Gallery-01-1-1024x673.jpg\" alt=\"\" data-id=\"1574\" data-full-url=\"https:\/\/ro-house.com\/wp-content\/uploads\/2020\/09\/Gallery-01-1.jpg\" data-link=\"https:\/\/ro-house.com\/galeria\/attachment\/gallery-01-1\/\" srcset=\"https:\/\/ro-house.com\/wp-content\/uploads\/2020\/09\/Gallery-01-1-1024x673.jpg 1024w, https:\/\/ro-house.com\/wp-content\/uploads\/2020\/09\/Gallery-01-1-300x197.jpg 300w, https:\/\/ro-house.com\/wp-content\/uploads\/2020\/09\/Gallery-01-1-768x505.jpg 768w, https:\/\/ro-house.com\/wp-content\/uploads\/2020\/09\/Gallery-01-1-892x586.jpg 892w, https:\/\/ro-house.com\/wp-content\/uploads\/2020\/09\/Gallery-01-1-150x100.jpg 150w, https:\/\/ro-house.com\/wp-content\/uploads\/2020\/09\/Gallery-01-1.jpg 1260w\" sizes=\"(max-width: 1024px) 100vw, 1024px\" \/><\/figure>\n<\/li>\n<\/ul>\n<\/figure>\n<\/div>\n<\/div>\n\n<p>\u00a0<\/p>\n\t\t\t\t\t\t\t\t<\/div>\n\t\t\t\t<\/div>\n\t\t\t\t\t<\/div>\n\t\t\t\t<\/div>\n\t\t\t\t<\/div>","protected":false},"excerpt":{"rendered":"<p>Ro-House es un complejo de departamentos ubicado en la Zona Centro de la Ciudad de Oaxaca, Oax. M\u00e9xico. El centro de la ciudad con las principales atracciones est\u00e1 a solo 15 minutos a pie de los departamentos. Nuestra misi\u00f3n es enriquecer la vida de las personas con agradables momentos de vacaciones y recuerdos. Nuestros departamentos [&hellip;]<\/p>\n","protected":false},"author":3,"featured_media":1494,"parent":0,"menu_order":0,"comment_status":"closed","ping_status":"closed","template":"","meta":{"footnotes":""},"class_list":["post-130","page","type-page","status-publish","has-post-thumbnail","hentry"],"yoast_head":"<!-- This site is optimized with the Yoast SEO plugin v27.3 - https:\/\/yoast.com\/product\/yoast-seo-wordpress\/ -->\n<title>Acerca de Ro-House - Departamentos en Oaxaca - Ro-House<\/title>\n<meta name=\"description\" content=\"Acerca de Ro-House. Es un complejo de hermosos departamentos ubicado en la Zona Centro de la Ciudad de Oaxaca, Oax. M\u00e9xico.\" \/>\n<meta name=\"robots\" content=\"index, follow, max-snippet:-1, max-image-preview:large, max-video-preview:-1\" \/>\n<link rel=\"canonical\" href=\"https:\/\/ro-house.com\/en\/acerca-de-ro-house\/\" \/>\n<meta property=\"og:locale\" content=\"en_US\" \/>\n<meta property=\"og:type\" content=\"article\" \/>\n<meta property=\"og:title\" content=\"Acerca de Ro-House - Departamentos en Oaxaca - Ro-House\" \/>\n<meta property=\"og:description\" content=\"Acerca de Ro-House. Es un complejo de hermosos departamentos ubicado en la Zona Centro de la Ciudad de Oaxaca, Oax. M\u00e9xico.\" \/>\n<meta property=\"og:url\" content=\"https:\/\/ro-house.com\/en\/acerca-de-ro-house\/\" \/>\n<meta property=\"og:site_name\" content=\"Ro-House\" \/>\n<meta property=\"article:modified_time\" content=\"2025-07-08T05:50:59+00:00\" \/>\n<meta property=\"og:image\" content=\"https:\/\/ro-house.com\/wp-content\/uploads\/2020\/09\/Ro-House-About-02.jpg\" \/>\n\t<meta property=\"og:image:width\" content=\"1980\" \/>\n\t<meta property=\"og:image:height\" content=\"1247\" \/>\n\t<meta property=\"og:image:type\" content=\"image\/jpeg\" \/>\n<meta name=\"twitter:card\" content=\"summary_large_image\" \/>\n<meta name=\"twitter:label1\" content=\"Est. reading time\" \/>\n\t<meta name=\"twitter:data1\" content=\"4 minutes\" \/>\n<script type=\"application\/ld+json\" class=\"yoast-schema-graph\">{\"@context\":\"https:\\\/\\\/schema.org\",\"@graph\":[{\"@type\":\"WebPage\",\"@id\":\"https:\\\/\\\/ro-house.com\\\/acerca-de-ro-house\\\/\",\"url\":\"https:\\\/\\\/ro-house.com\\\/acerca-de-ro-house\\\/\",\"name\":\"Acerca de Ro-House - Departamentos en Oaxaca - Ro-House\",\"isPartOf\":{\"@id\":\"https:\\\/\\\/ro-house.com\\\/#website\"},\"primaryImageOfPage\":{\"@id\":\"https:\\\/\\\/ro-house.com\\\/acerca-de-ro-house\\\/#primaryimage\"},\"image\":{\"@id\":\"https:\\\/\\\/ro-house.com\\\/acerca-de-ro-house\\\/#primaryimage\"},\"thumbnailUrl\":\"https:\\\/\\\/ro-house.com\\\/wp-content\\\/uploads\\\/2020\\\/09\\\/Ro-House-About-02.jpg\",\"datePublished\":\"2018-11-13T14:42:25+00:00\",\"dateModified\":\"2025-07-08T05:50:59+00:00\",\"description\":\"Acerca de Ro-House. Es un complejo de hermosos departamentos ubicado en la Zona Centro de la Ciudad de Oaxaca, Oax. M\u00e9xico.\",\"breadcrumb\":{\"@id\":\"https:\\\/\\\/ro-house.com\\\/acerca-de-ro-house\\\/#breadcrumb\"},\"inLanguage\":\"en-US\",\"potentialAction\":[{\"@type\":\"ReadAction\",\"target\":[\"https:\\\/\\\/ro-house.com\\\/acerca-de-ro-house\\\/\"]}]},{\"@type\":\"ImageObject\",\"inLanguage\":\"en-US\",\"@id\":\"https:\\\/\\\/ro-house.com\\\/acerca-de-ro-house\\\/#primaryimage\",\"url\":\"https:\\\/\\\/ro-house.com\\\/wp-content\\\/uploads\\\/2020\\\/09\\\/Ro-House-About-02.jpg\",\"contentUrl\":\"https:\\\/\\\/ro-house.com\\\/wp-content\\\/uploads\\\/2020\\\/09\\\/Ro-House-About-02.jpg\",\"width\":1980,\"height\":1247,\"caption\":\"Ro-House - Patio Planta Alta\"},{\"@type\":\"BreadcrumbList\",\"@id\":\"https:\\\/\\\/ro-house.com\\\/acerca-de-ro-house\\\/#breadcrumb\",\"itemListElement\":[{\"@type\":\"ListItem\",\"position\":1,\"name\":\"Portada\",\"item\":\"https:\\\/\\\/ro-house.com\\\/\"},{\"@type\":\"ListItem\",\"position\":2,\"name\":\"Acerca de Ro-House\"}]},{\"@type\":\"WebSite\",\"@id\":\"https:\\\/\\\/ro-house.com\\\/#website\",\"url\":\"https:\\\/\\\/ro-house.com\\\/\",\"name\":\"Ro-House\",\"description\":\"Oaxaca, M&eacute;xico\",\"publisher\":{\"@id\":\"https:\\\/\\\/ro-house.com\\\/#organization\"},\"potentialAction\":[{\"@type\":\"SearchAction\",\"target\":{\"@type\":\"EntryPoint\",\"urlTemplate\":\"https:\\\/\\\/ro-house.com\\\/?s={search_term_string}\"},\"query-input\":{\"@type\":\"PropertyValueSpecification\",\"valueRequired\":true,\"valueName\":\"search_term_string\"}}],\"inLanguage\":\"en-US\"},{\"@type\":\"Organization\",\"@id\":\"https:\\\/\\\/ro-house.com\\\/#organization\",\"name\":\"Ro-House\",\"url\":\"https:\\\/\\\/ro-house.com\\\/\",\"logo\":{\"@type\":\"ImageObject\",\"inLanguage\":\"en-US\",\"@id\":\"https:\\\/\\\/ro-house.com\\\/#\\\/schema\\\/logo\\\/image\\\/\",\"url\":\"\",\"contentUrl\":\"\",\"caption\":\"Ro-House\"},\"image\":{\"@id\":\"https:\\\/\\\/ro-house.com\\\/#\\\/schema\\\/logo\\\/image\\\/\"}}]}<\/script>\n<!-- \/ Yoast SEO plugin. -->","yoast_head_json":{"title":"About Ro-House - Apartments in Oaxaca - Ro-House","description":"About Ro-House. It is a complex of beautiful apartments located in the downtown area of Oaxaca City, Oaxaca, Mexico.","robots":{"index":"index","follow":"follow","max-snippet":"max-snippet:-1","max-image-preview":"max-image-preview:large","max-video-preview":"max-video-preview:-1"},"canonical":"https:\/\/ro-house.com\/en\/acerca-de-ro-house\/","og_locale":"en_US","og_type":"article","og_title":"Acerca de Ro-House - Departamentos en Oaxaca - Ro-House","og_description":"Acerca de Ro-House. Es un complejo de hermosos departamentos ubicado en la Zona Centro de la Ciudad de Oaxaca, Oax. M\u00e9xico.","og_url":"https:\/\/ro-house.com\/en\/acerca-de-ro-house\/","og_site_name":"Ro-House","article_modified_time":"2025-07-08T05:50:59+00:00","og_image":[{"width":1980,"height":1247,"url":"https:\/\/ro-house.com\/wp-content\/uploads\/2020\/09\/Ro-House-About-02.jpg","type":"image\/jpeg"}],"twitter_card":"summary_large_image","twitter_misc":{"Est. reading time":"4 minutes"},"schema":{"@context":"https:\/\/schema.org","@graph":[{"@type":"WebPage","@id":"https:\/\/ro-house.com\/acerca-de-ro-house\/","url":"https:\/\/ro-house.com\/acerca-de-ro-house\/","name":"About Ro-House - Apartments in Oaxaca - Ro-House","isPartOf":{"@id":"https:\/\/ro-house.com\/#website"},"primaryImageOfPage":{"@id":"https:\/\/ro-house.com\/acerca-de-ro-house\/#primaryimage"},"image":{"@id":"https:\/\/ro-house.com\/acerca-de-ro-house\/#primaryimage"},"thumbnailUrl":"https:\/\/ro-house.com\/wp-content\/uploads\/2020\/09\/Ro-House-About-02.jpg","datePublished":"2018-11-13T14:42:25+00:00","dateModified":"2025-07-08T05:50:59+00:00","description":"About Ro-House. It is a complex of beautiful apartments located in the downtown area of Oaxaca City, Oaxaca, Mexico.","breadcrumb":{"@id":"https:\/\/ro-house.com\/acerca-de-ro-house\/#breadcrumb"},"inLanguage":"en-US","potentialAction":[{"@type":"ReadAction","target":["https:\/\/ro-house.com\/acerca-de-ro-house\/"]}]},{"@type":"ImageObject","inLanguage":"en-US","@id":"https:\/\/ro-house.com\/acerca-de-ro-house\/#primaryimage","url":"https:\/\/ro-house.com\/wp-content\/uploads\/2020\/09\/Ro-House-About-02.jpg","contentUrl":"https:\/\/ro-house.com\/wp-content\/uploads\/2020\/09\/Ro-House-About-02.jpg","width":1980,"height":1247,"caption":"Ro-House - Patio Planta Alta"},{"@type":"BreadcrumbList","@id":"https:\/\/ro-house.com\/acerca-de-ro-house\/#breadcrumb","itemListElement":[{"@type":"ListItem","position":1,"name":"Portada","item":"https:\/\/ro-house.com\/"},{"@type":"ListItem","position":2,"name":"Acerca de Ro-House"}]},{"@type":"WebSite","@id":"https:\/\/ro-house.com\/#website","url":"https:\/\/ro-house.com\/","name":"Ro-House","description":"Oaxaca, Mexico","publisher":{"@id":"https:\/\/ro-house.com\/#organization"},"potentialAction":[{"@type":"SearchAction","target":{"@type":"EntryPoint","urlTemplate":"https:\/\/ro-house.com\/?s={search_term_string}"},"query-input":{"@type":"PropertyValueSpecification","valueRequired":true,"valueName":"search_term_string"}}],"inLanguage":"en-US"},{"@type":"Organization","@id":"https:\/\/ro-house.com\/#organization","name":"Ro-House","url":"https:\/\/ro-house.com\/","logo":{"@type":"ImageObject","inLanguage":"en-US","@id":"https:\/\/ro-house.com\/#\/schema\/logo\/image\/","url":"","contentUrl":"","caption":"Ro-House"},"image":{"@id":"https:\/\/ro-house.com\/#\/schema\/logo\/image\/"}}]}},"_links":{"self":[{"href":"https:\/\/ro-house.com\/en\/wp-json\/wp\/v2\/pages\/130","targetHints":{"allow":["GET"]}}],"collection":[{"href":"https:\/\/ro-house.com\/en\/wp-json\/wp\/v2\/pages"}],"about":[{"href":"https:\/\/ro-house.com\/en\/wp-json\/wp\/v2\/types\/page"}],"author":[{"embeddable":true,"href":"https:\/\/ro-house.com\/en\/wp-json\/wp\/v2\/users\/3"}],"replies":[{"embeddable":true,"href":"https:\/\/ro-house.com\/en\/wp-json\/wp\/v2\/comments?post=130"}],"version-history":[{"count":37,"href":"https:\/\/ro-house.com\/en\/wp-json\/wp\/v2\/pages\/130\/revisions"}],"predecessor-version":[{"id":17942,"href":"https:\/\/ro-house.com\/en\/wp-json\/wp\/v2\/pages\/130\/revisions\/17942"}],"wp:featuredmedia":[{"embeddable":true,"href":"https:\/\/ro-house.com\/en\/wp-json\/wp\/v2\/media\/1494"}],"wp:attachment":[{"href":"https:\/\/ro-house.com\/en\/wp-json\/wp\/v2\/media?parent=130"}],"curies":[{"name":"wp","href":"https:\/\/api.w.org\/{rel}","templated":true}]}}