{"id":4400,"date":"2020-10-24T13:11:35","date_gmt":"2020-10-24T18:11:35","guid":{"rendered":"https:\/\/ro-house.com\/?page_id=4400"},"modified":"2020-10-24T18:21:28","modified_gmt":"2020-10-24T23:21:28","slug":"artesanias","status":"publish","type":"page","link":"https:\/\/ro-house.com\/en\/oaxaca\/artesanias\/","title":{"rendered":"Handicrafts"},"content":{"rendered":"\n<p style=\"font-size:12px;color:#999999;\"><a href=\"https:\/\/ro-house.com\/\">Ro-House<\/a> \u00bb <a href=\"https:\/\/ro-house.com\/oaxaca\/\">Oaxaca<\/a> \u00bb <span>Artesan\u00edas<\/span><\/p>\n\n\n<div class=\"heateor_sss_sharing_container heateor_sss_horizontal_sharing\" data-heateor-ss-offset=\"0\" data-heateor-sss-href='https:\/\/ro-house.com\/en\/oaxaca\/artesanias\/'><div class=\"heateor_sss_sharing_ul\"><a aria-label=\"Facebook\" class=\"heateor_sss_facebook\" href=\"https:\/\/www.facebook.com\/sharer\/sharer.php?u=https%3A%2F%2Fro-house.com%2Fen%2Foaxaca%2Fartesanias%2F\" title=\"Facebook\" rel=\"nofollow noopener\" target=\"_blank\" style=\"font-size:32px!important;box-shadow:none;display:inline-block;vertical-align:middle\"><span class=\"heateor_sss_svg\" style=\"background-color:#0765FE;width:35px;height:35px;border-radius:999px;display:inline-block;opacity:1;float:left;font-size:32px;box-shadow:none;display:inline-block;font-size:16px;padding:0 4px;vertical-align:middle;background-repeat:repeat;overflow:hidden;padding:0;cursor:pointer;box-sizing:content-box\"><svg style=\"display:block;border-radius:999px;\" focusable=\"false\" aria-hidden=\"true\" xmlns=\"http:\/\/www.w3.org\/2000\/svg\" width=\"100%\" height=\"100%\" viewBox=\"0 0 32 32\"><path fill=\"#fff\" d=\"M28 16c0-6.627-5.373-12-12-12S4 9.373 4 16c0 5.628 3.875 10.35 9.101 11.647v-7.98h-2.474V16H13.1v-1.58c0-4.085 1.849-5.978 5.859-5.978.76 0 2.072.15 2.608.298v3.325c-.283-.03-.775-.045-1.386-.045-1.967 0-2.728.745-2.728 2.683V16h3.92l-.673 3.667h-3.247v8.245C23.395 27.195 28 22.135 28 16Z\"><\/path><\/svg><\/span><\/a><a aria-label=\"Twitter\" class=\"heateor_sss_button_twitter\" href=\"https:\/\/twitter.com\/intent\/tweet?text=Artesan%C3%ADas&url=https%3A%2F%2Fro-house.com%2Fen%2Foaxaca%2Fartesanias%2F\" title=\"Twitter\" rel=\"nofollow noopener\" target=\"_blank\" style=\"font-size:32px!important;box-shadow:none;display:inline-block;vertical-align:middle\"><span class=\"heateor_sss_svg heateor_sss_s__default heateor_sss_s_twitter\" style=\"background-color:#55acee;width:35px;height:35px;border-radius:999px;display:inline-block;opacity:1;float:left;font-size:32px;box-shadow:none;display:inline-block;font-size:16px;padding:0 4px;vertical-align:middle;background-repeat:repeat;overflow:hidden;padding:0;cursor:pointer;box-sizing:content-box\"><svg style=\"display:block;border-radius:999px;\" focusable=\"false\" aria-hidden=\"true\" xmlns=\"http:\/\/www.w3.org\/2000\/svg\" width=\"100%\" height=\"100%\" viewBox=\"-4 -4 39 39\"><path d=\"M28 8.557a9.913 9.913 0 0 1-2.828.775 4.93 4.93 0 0 0 2.166-2.725 9.738 9.738 0 0 1-3.13 1.194 4.92 4.92 0 0 0-3.593-1.55 4.924 4.924 0 0 0-4.794 6.049c-4.09-.21-7.72-2.17-10.15-5.15a4.942 4.942 0 0 0-.665 2.477c0 1.71.87 3.214 2.19 4.1a4.968 4.968 0 0 1-2.23-.616v.06c0 2.39 1.7 4.38 3.952 4.83-.414.115-.85.174-1.297.174-.318 0-.626-.03-.928-.086a4.935 4.935 0 0 0 4.6 3.42 9.893 9.893 0 0 1-6.114 2.107c-.398 0-.79-.023-1.175-.068a13.953 13.953 0 0 0 7.55 2.213c9.056 0 14.01-7.507 14.01-14.013 0-.213-.005-.426-.015-.637.96-.695 1.795-1.56 2.455-2.55z\" fill=\"#fff\"><\/path><\/svg><\/span><\/a><a aria-label=\"Pinterest\" class=\"heateor_sss_button_pinterest\" href=\"https:\/\/ro-house.com\/en\/oaxaca\/artesanias\/\" onclick=\"event.preventDefault();javascript:void( (function() {var e=document.createElement('script' );e.setAttribute('type','text\/javascript' );e.setAttribute('charset','UTF-8' );e.setAttribute('src','\/\/assets.pinterest.com\/js\/pinmarklet.js?r='+Math.random()*99999999);document.body.appendChild(e)})());\" title=\"Pinterest\" rel=\"noopener\" style=\"font-size:32px!important;box-shadow:none;display:inline-block;vertical-align:middle\"><span class=\"heateor_sss_svg heateor_sss_s__default heateor_sss_s_pinterest\" style=\"background-color:#cc2329;width:35px;height:35px;border-radius:999px;display:inline-block;opacity:1;float:left;font-size:32px;box-shadow:none;display:inline-block;font-size:16px;padding:0 4px;vertical-align:middle;background-repeat:repeat;overflow:hidden;padding:0;cursor:pointer;box-sizing:content-box\"><svg style=\"display:block;border-radius:999px;\" focusable=\"false\" aria-hidden=\"true\" xmlns=\"http:\/\/www.w3.org\/2000\/svg\" width=\"100%\" height=\"100%\" viewBox=\"-2 -2 35 35\"><path fill=\"#fff\" d=\"M16.539 4.5c-6.277 0-9.442 4.5-9.442 8.253 0 2.272.86 4.293 2.705 5.046.303.125.574.005.662-.33.061-.231.205-.816.27-1.06.088-.331.053-.447-.191-.736-.532-.627-.873-1.439-.873-2.591 0-3.338 2.498-6.327 6.505-6.327 3.548 0 5.497 2.168 5.497 5.062 0 3.81-1.686 7.025-4.188 7.025-1.382 0-2.416-1.142-2.085-2.545.397-1.674 1.166-3.48 1.166-4.689 0-1.081-.581-1.983-1.782-1.983-1.413 0-2.548 1.462-2.548 3.419 0 1.247.421 2.091.421 2.091l-1.699 7.199c-.505 2.137-.076 4.755-.039 5.019.021.158.223.196.314.077.13-.17 1.813-2.247 2.384-4.324.162-.587.929-3.631.929-3.631.46.876 1.801 1.646 3.227 1.646 4.247 0 7.128-3.871 7.128-9.053.003-3.918-3.317-7.568-8.361-7.568z\"\/><\/svg><\/span><\/a><a aria-label=\"Whatsapp\" class=\"heateor_sss_whatsapp\" href=\"https:\/\/api.whatsapp.com\/send?text=Artesan%C3%ADas%20https%3A%2F%2Fro-house.com%2Fen%2Foaxaca%2Fartesanias%2F\" title=\"Whatsapp\" rel=\"nofollow noopener\" target=\"_blank\" style=\"font-size:32px!important;box-shadow:none;display:inline-block;vertical-align:middle\"><span class=\"heateor_sss_svg\" style=\"background-color:#55eb4c;width:35px;height:35px;border-radius:999px;display:inline-block;opacity:1;float:left;font-size:32px;box-shadow:none;display:inline-block;font-size:16px;padding:0 4px;vertical-align:middle;background-repeat:repeat;overflow:hidden;padding:0;cursor:pointer;box-sizing:content-box\"><svg style=\"display:block;border-radius:999px;\" focusable=\"false\" aria-hidden=\"true\" xmlns=\"http:\/\/www.w3.org\/2000\/svg\" width=\"100%\" height=\"100%\" viewBox=\"-6 -5 40 40\"><path class=\"heateor_sss_svg_stroke heateor_sss_no_fill\" stroke=\"#fff\" stroke-width=\"2\" fill=\"none\" d=\"M 11.579798566743314 24.396926207859085 A 10 10 0 1 0 6.808479557110079 20.73576436351046\"><\/path><path d=\"M 7 19 l -1 6 l 6 -1\" class=\"heateor_sss_no_fill heateor_sss_svg_stroke\" stroke=\"#fff\" stroke-width=\"2\" fill=\"none\"><\/path><path d=\"M 10 10 q -1 8 8 11 c 5 -1 0 -6 -1 -3 q -4 -3 -5 -5 c 4 -2 -1 -5 -1 -4\" fill=\"#fff\"><\/path><\/svg><\/span><\/a><a aria-label=\"Instagram\" class=\"heateor_sss_button_instagram\" href=\"https:\/\/www.instagram.com\/\" title=\"Instagram\" rel=\"nofollow noopener\" target=\"_blank\" style=\"font-size:32px!important;box-shadow:none;display:inline-block;vertical-align:middle\"><span class=\"heateor_sss_svg\" style=\"background-color:#53beee;width:35px;height:35px;border-radius:999px;display:inline-block;opacity:1;float:left;font-size:32px;box-shadow:none;display:inline-block;font-size:16px;padding:0 4px;vertical-align:middle;background-repeat:repeat;overflow:hidden;padding:0;cursor:pointer;box-sizing:content-box\"><svg style=\"display:block;border-radius:999px;\" version=\"1.1\" viewBox=\"-10 -10 148 148\" width=\"100%\" height=\"100%\" xml:space=\"preserve\" xmlns=\"http:\/\/www.w3.org\/2000\/svg\" xmlns:xlink=\"http:\/\/www.w3.org\/1999\/xlink\"><g><g><path d=\"M86,112H42c-14.336,0-26-11.663-26-26V42c0-14.337,11.664-26,26-26h44c14.337,0,26,11.663,26,26v44 C112,100.337,100.337,112,86,112z M42,24c-9.925,0-18,8.074-18,18v44c0,9.925,8.075,18,18,18h44c9.926,0,18-8.075,18-18V42 c0-9.926-8.074-18-18-18H42z\" fill=\"#fff\"><\/path><\/g><g><path d=\"M64,88c-13.234,0-24-10.767-24-24c0-13.234,10.766-24,24-24s24,10.766,24,24C88,77.233,77.234,88,64,88z M64,48c-8.822,0-16,7.178-16,16s7.178,16,16,16c8.822,0,16-7.178,16-16S72.822,48,64,48z\" fill=\"#fff\"><\/path><\/g><g><circle cx=\"89.5\" cy=\"38.5\" fill=\"#fff\" r=\"5.5\"><\/circle><\/g><\/g><\/svg><\/span><\/a><a class=\"heateor_sss_more\" aria-label=\"More\" title=\"More\" rel=\"nofollow noopener\" style=\"font-size: 32px!important;border:0;box-shadow:none;display:inline-block!important;font-size:16px;padding:0 4px;vertical-align: middle;display:inline;\" href=\"https:\/\/ro-house.com\/en\/oaxaca\/artesanias\/\" onclick=\"event.preventDefault()\"><span class=\"heateor_sss_svg\" style=\"background-color:#ee8e2d;width:35px;height:35px;border-radius:999px;display:inline-block!important;opacity:1;float:left;font-size:32px!important;box-shadow:none;display:inline-block;font-size:16px;padding:0 4px;vertical-align:middle;display:inline;background-repeat:repeat;overflow:hidden;padding:0;cursor:pointer;box-sizing:content-box;\" onclick=\"heateorSssMoreSharingPopup(this, 'https:\/\/ro-house.com\/en\/oaxaca\/artesanias\/', 'Artesan%C3%ADas', '' )\"><svg xmlns=\"http:\/\/www.w3.org\/2000\/svg\" xmlns:xlink=\"http:\/\/www.w3.org\/1999\/xlink\" viewBox=\"-.3 0 32 32\" version=\"1.1\" width=\"100%\" height=\"100%\" style=\"display:block;border-radius:999px;\" xml:space=\"preserve\"><g><path fill=\"#fff\" d=\"M18 14V8h-4v6H8v4h6v6h4v-6h6v-4h-6z\" fill-rule=\"evenodd\"><\/path><\/g><\/svg><\/span><\/a><\/div><div class=\"heateorSssClear\"><\/div><\/div>\n\n\n\n<p>Las artesan\u00edas en Oaxaca son tan variadas y de tan buena calidad que se han constitu\u00eddo en un atractivo tur\u00edstico. Las tradiciones ancestrales, la diversidad en las etnias, as\u00ed como la riqueza en la historia del estado se han podido manifestar en la gran diversidad de creaciones de m\u00e1s de medio mill\u00f3n de artesanos que se tienen registrados en Oaxaca.<\/p>\n\n\n\n<p>Cada uno de los productos elaborados tiene sus caracter\u00edsticas propias, por lo que es \u00fanico. La variedad es de las m\u00e1s extensas del pa\u00eds y abarca todas las ramas: talabarter\u00eda, hojalater\u00eda, cer\u00e1mica, canter\u00eda, joyer\u00eda, textiles, tapetes de lana, alfarer\u00eda en todas sus ramas, etc.<\/p>\n\n\n<p>[mejorcluster skip_desc=&#8221;no&#8221; skip_desc=&#8221;no&#8221; categories=&#8221;62&#8243;]<\/p>\n\n\n\n\n\n<div data-post-id=\"3394\" class=\"insert-page insert-page-3394 \">\n<div data-gyg-href=\"https:\/\/widget.getyourguide.com\/default\/activities.frame\" data-gyg-locale-code=\"en-US\" data-gyg-widget=\"activities\" data-gyg-number-of-items=\"8\" data-gyg-partner-id=\"BPWK6EP\" data-gyg-q=\"oaxaca%20city\"><\/div>\n\n\n\n<div class=\"wp-block-buttons is-content-justification-center is-layout-flex wp-container-core-buttons-is-layout-16018d1d wp-block-buttons-is-layout-flex\"><\/div>\n<\/div>\n","protected":false},"excerpt":{"rendered":"<p>Handicrafts in Oaxaca are so varied and of such good quality that they have become a tourist attraction. The ancestral traditions, the diversity in the ethnic groups, as well as the richness in the history of the state have been manifested in the great diversity of creations of more than half a million artisans that are registered in Oaxaca. Each of the products produced has its own characteristics, making it unique. The variety is one of the most extensive in the country and covers all branches: saddlery, tinsmithing, ceramics, stonework, jewelry, textiles, wool rugs, pottery in all its branches, etc.<\/p>","protected":false},"author":3,"featured_media":4403,"parent":951,"menu_order":0,"comment_status":"closed","ping_status":"closed","template":"template-wide-page.php","meta":{"footnotes":""},"class_list":["post-4400","page","type-page","status-publish","has-post-thumbnail","hentry"],"yoast_head":"<!-- This site is optimized with the Yoast SEO plugin v27.5 - https:\/\/yoast.com\/product\/yoast-seo-wordpress\/ -->\n<title>Artesan\u00edas - Ro-House<\/title>\n<meta name=\"description\" content=\"Las artesan\u00edas en Oaxaca son tan variadas y de tan buena calidad que se han constitu\u00eddo en un atractivo tur\u00edstico. Las tradiciones ancestrales, la diversidad en las etnias, as\u00ed como la riqueza en la historia del estado se han podido manifestar en la gran diversidad de creaciones de m\u00e1s de medio mill\u00f3n de artesanos que se tienen registrados en Oaxaca. Cada uno de los productos elaborados tiene sus caracter\u00edsticas propias, por lo que es \u00fanico. La variedad es de las m\u00e1s extensas del pa\u00eds y abarca todas las ramas: talabarter\u00eda, hojalater\u00eda, cer\u00e1mica, canter\u00eda, joyer\u00eda, textiles, tapetes de lana, alfarer\u00eda en todas sus ramas, etc.\" \/>\n<meta name=\"robots\" content=\"index, follow, max-snippet:-1, max-image-preview:large, max-video-preview:-1\" \/>\n<link rel=\"canonical\" href=\"https:\/\/ro-house.com\/en\/oaxaca\/artesanias\/\" \/>\n<meta property=\"og:locale\" content=\"en_US\" \/>\n<meta property=\"og:type\" content=\"article\" \/>\n<meta property=\"og:title\" content=\"Artesan\u00edas - Ro-House\" \/>\n<meta property=\"og:description\" content=\"Las artesan\u00edas en Oaxaca son tan variadas y de tan buena calidad que se han constitu\u00eddo en un atractivo tur\u00edstico. Las tradiciones ancestrales, la diversidad en las etnias, as\u00ed como la riqueza en la historia del estado se han podido manifestar en la gran diversidad de creaciones de m\u00e1s de medio mill\u00f3n de artesanos que se tienen registrados en Oaxaca. Cada uno de los productos elaborados tiene sus caracter\u00edsticas propias, por lo que es \u00fanico. La variedad es de las m\u00e1s extensas del pa\u00eds y abarca todas las ramas: talabarter\u00eda, hojalater\u00eda, cer\u00e1mica, canter\u00eda, joyer\u00eda, textiles, tapetes de lana, alfarer\u00eda en todas sus ramas, etc.\" \/>\n<meta property=\"og:url\" content=\"https:\/\/ro-house.com\/en\/oaxaca\/artesanias\/\" \/>\n<meta property=\"og:site_name\" content=\"Ro-House\" \/>\n<meta property=\"article:modified_time\" content=\"2020-10-24T23:21:28+00:00\" \/>\n<meta property=\"og:image\" content=\"https:\/\/ro-house.com\/wp-content\/uploads\/2020\/10\/Oaxaca-Artesanias-Cover-01.jpg\" \/>\n\t<meta property=\"og:image:width\" content=\"1200\" \/>\n\t<meta property=\"og:image:height\" content=\"687\" \/>\n\t<meta property=\"og:image:type\" content=\"image\/jpeg\" \/>\n<meta name=\"twitter:card\" content=\"summary_large_image\" \/>\n<meta name=\"twitter:label1\" content=\"Est. reading time\" \/>\n\t<meta name=\"twitter:data1\" content=\"1 minute\" \/>\n<script type=\"application\/ld+json\" class=\"yoast-schema-graph\">{\"@context\":\"https:\\\/\\\/schema.org\",\"@graph\":[{\"@type\":\"WebPage\",\"@id\":\"https:\\\/\\\/ro-house.com\\\/oaxaca\\\/artesanias\\\/\",\"url\":\"https:\\\/\\\/ro-house.com\\\/oaxaca\\\/artesanias\\\/\",\"name\":\"Artesan\u00edas - Ro-House\",\"isPartOf\":{\"@id\":\"https:\\\/\\\/ro-house.com\\\/#website\"},\"primaryImageOfPage\":{\"@id\":\"https:\\\/\\\/ro-house.com\\\/oaxaca\\\/artesanias\\\/#primaryimage\"},\"image\":{\"@id\":\"https:\\\/\\\/ro-house.com\\\/oaxaca\\\/artesanias\\\/#primaryimage\"},\"thumbnailUrl\":\"https:\\\/\\\/ro-house.com\\\/wp-content\\\/uploads\\\/2020\\\/10\\\/Oaxaca-Artesanias-Cover-01.jpg\",\"datePublished\":\"2020-10-24T18:11:35+00:00\",\"dateModified\":\"2020-10-24T23:21:28+00:00\",\"description\":\"Las artesan\u00edas en Oaxaca son tan variadas y de tan buena calidad que se han constitu\u00eddo en un atractivo tur\u00edstico. Las tradiciones ancestrales, la diversidad en las etnias, as\u00ed como la riqueza en la historia del estado se han podido manifestar en la gran diversidad de creaciones de m\u00e1s de medio mill\u00f3n de artesanos que se tienen registrados en Oaxaca. Cada uno de los productos elaborados tiene sus caracter\u00edsticas propias, por lo que es \u00fanico. La variedad es de las m\u00e1s extensas del pa\u00eds y abarca todas las ramas: talabarter\u00eda, hojalater\u00eda, cer\u00e1mica, canter\u00eda, joyer\u00eda, textiles, tapetes de lana, alfarer\u00eda en todas sus ramas, etc.\",\"breadcrumb\":{\"@id\":\"https:\\\/\\\/ro-house.com\\\/oaxaca\\\/artesanias\\\/#breadcrumb\"},\"inLanguage\":\"en-US\",\"potentialAction\":[{\"@type\":\"ReadAction\",\"target\":[\"https:\\\/\\\/ro-house.com\\\/oaxaca\\\/artesanias\\\/\"]}]},{\"@type\":\"ImageObject\",\"inLanguage\":\"en-US\",\"@id\":\"https:\\\/\\\/ro-house.com\\\/oaxaca\\\/artesanias\\\/#primaryimage\",\"url\":\"https:\\\/\\\/ro-house.com\\\/wp-content\\\/uploads\\\/2020\\\/10\\\/Oaxaca-Artesanias-Cover-01.jpg\",\"contentUrl\":\"https:\\\/\\\/ro-house.com\\\/wp-content\\\/uploads\\\/2020\\\/10\\\/Oaxaca-Artesanias-Cover-01.jpg\",\"width\":1200,\"height\":687,\"caption\":\"Artesan\u00edas en Oaxaca\"},{\"@type\":\"BreadcrumbList\",\"@id\":\"https:\\\/\\\/ro-house.com\\\/oaxaca\\\/artesanias\\\/#breadcrumb\",\"itemListElement\":[{\"@type\":\"ListItem\",\"position\":1,\"name\":\"Portada\",\"item\":\"https:\\\/\\\/ro-house.com\\\/\"},{\"@type\":\"ListItem\",\"position\":2,\"name\":\"Qu\u00e9 Hacer en Oaxaca\",\"item\":\"https:\\\/\\\/ro-house.com\\\/oaxaca\\\/\"},{\"@type\":\"ListItem\",\"position\":3,\"name\":\"Artesan\u00edas\"}]},{\"@type\":\"WebSite\",\"@id\":\"https:\\\/\\\/ro-house.com\\\/#website\",\"url\":\"https:\\\/\\\/ro-house.com\\\/\",\"name\":\"Ro-House\",\"description\":\"Oaxaca, M&eacute;xico\",\"publisher\":{\"@id\":\"https:\\\/\\\/ro-house.com\\\/#organization\"},\"potentialAction\":[{\"@type\":\"SearchAction\",\"target\":{\"@type\":\"EntryPoint\",\"urlTemplate\":\"https:\\\/\\\/ro-house.com\\\/?s={search_term_string}\"},\"query-input\":{\"@type\":\"PropertyValueSpecification\",\"valueRequired\":true,\"valueName\":\"search_term_string\"}}],\"inLanguage\":\"en-US\"},{\"@type\":\"Organization\",\"@id\":\"https:\\\/\\\/ro-house.com\\\/#organization\",\"name\":\"Ro-House\",\"url\":\"https:\\\/\\\/ro-house.com\\\/\",\"logo\":{\"@type\":\"ImageObject\",\"inLanguage\":\"en-US\",\"@id\":\"https:\\\/\\\/ro-house.com\\\/#\\\/schema\\\/logo\\\/image\\\/\",\"url\":\"\",\"contentUrl\":\"\",\"caption\":\"Ro-House\"},\"image\":{\"@id\":\"https:\\\/\\\/ro-house.com\\\/#\\\/schema\\\/logo\\\/image\\\/\"}}]}<\/script>\n<!-- \/ Yoast SEO plugin. -->","yoast_head_json":{"title":"Artesan\u00edas - Ro-House","description":"Handicrafts in Oaxaca are so varied and of such good quality that they have become a tourist attraction. The ancestral traditions, the diversity in the ethnic groups, as well as the richness in the history of the state have been manifested in the great diversity of creations of more than half a million artisans that are registered in Oaxaca. Each of the products produced has its own characteristics, making it unique. The variety is one of the most extensive in the country and covers all branches: saddlery, tinsmithing, ceramics, stonework, jewelry, textiles, wool rugs, pottery in all its branches, etc.","robots":{"index":"index","follow":"follow","max-snippet":"max-snippet:-1","max-image-preview":"max-image-preview:large","max-video-preview":"max-video-preview:-1"},"canonical":"https:\/\/ro-house.com\/en\/oaxaca\/artesanias\/","og_locale":"en_US","og_type":"article","og_title":"Artesan\u00edas - Ro-House","og_description":"Las artesan\u00edas en Oaxaca son tan variadas y de tan buena calidad que se han constitu\u00eddo en un atractivo tur\u00edstico. Las tradiciones ancestrales, la diversidad en las etnias, as\u00ed como la riqueza en la historia del estado se han podido manifestar en la gran diversidad de creaciones de m\u00e1s de medio mill\u00f3n de artesanos que se tienen registrados en Oaxaca. Cada uno de los productos elaborados tiene sus caracter\u00edsticas propias, por lo que es \u00fanico. La variedad es de las m\u00e1s extensas del pa\u00eds y abarca todas las ramas: talabarter\u00eda, hojalater\u00eda, cer\u00e1mica, canter\u00eda, joyer\u00eda, textiles, tapetes de lana, alfarer\u00eda en todas sus ramas, etc.","og_url":"https:\/\/ro-house.com\/en\/oaxaca\/artesanias\/","og_site_name":"Ro-House","article_modified_time":"2020-10-24T23:21:28+00:00","og_image":[{"width":1200,"height":687,"url":"https:\/\/ro-house.com\/wp-content\/uploads\/2020\/10\/Oaxaca-Artesanias-Cover-01.jpg","type":"image\/jpeg"}],"twitter_card":"summary_large_image","twitter_misc":{"Est. reading time":"1 minute"},"schema":{"@context":"https:\/\/schema.org","@graph":[{"@type":"WebPage","@id":"https:\/\/ro-house.com\/oaxaca\/artesanias\/","url":"https:\/\/ro-house.com\/oaxaca\/artesanias\/","name":"Artesan\u00edas - Ro-House","isPartOf":{"@id":"https:\/\/ro-house.com\/#website"},"primaryImageOfPage":{"@id":"https:\/\/ro-house.com\/oaxaca\/artesanias\/#primaryimage"},"image":{"@id":"https:\/\/ro-house.com\/oaxaca\/artesanias\/#primaryimage"},"thumbnailUrl":"https:\/\/ro-house.com\/wp-content\/uploads\/2020\/10\/Oaxaca-Artesanias-Cover-01.jpg","datePublished":"2020-10-24T18:11:35+00:00","dateModified":"2020-10-24T23:21:28+00:00","description":"Handicrafts in Oaxaca are so varied and of such good quality that they have become a tourist attraction. The ancestral traditions, the diversity in the ethnic groups, as well as the richness in the history of the state have been manifested in the great diversity of creations of more than half a million artisans that are registered in Oaxaca. Each of the products produced has its own characteristics, making it unique. The variety is one of the most extensive in the country and covers all branches: saddlery, tinsmithing, ceramics, stonework, jewelry, textiles, wool rugs, pottery in all its branches, etc.","breadcrumb":{"@id":"https:\/\/ro-house.com\/oaxaca\/artesanias\/#breadcrumb"},"inLanguage":"en-US","potentialAction":[{"@type":"ReadAction","target":["https:\/\/ro-house.com\/oaxaca\/artesanias\/"]}]},{"@type":"ImageObject","inLanguage":"en-US","@id":"https:\/\/ro-house.com\/oaxaca\/artesanias\/#primaryimage","url":"https:\/\/ro-house.com\/wp-content\/uploads\/2020\/10\/Oaxaca-Artesanias-Cover-01.jpg","contentUrl":"https:\/\/ro-house.com\/wp-content\/uploads\/2020\/10\/Oaxaca-Artesanias-Cover-01.jpg","width":1200,"height":687,"caption":"Artesan\u00edas en Oaxaca"},{"@type":"BreadcrumbList","@id":"https:\/\/ro-house.com\/oaxaca\/artesanias\/#breadcrumb","itemListElement":[{"@type":"ListItem","position":1,"name":"Portada","item":"https:\/\/ro-house.com\/"},{"@type":"ListItem","position":2,"name":"Qu\u00e9 Hacer en Oaxaca","item":"https:\/\/ro-house.com\/oaxaca\/"},{"@type":"ListItem","position":3,"name":"Artesan\u00edas"}]},{"@type":"WebSite","@id":"https:\/\/ro-house.com\/#website","url":"https:\/\/ro-house.com\/","name":"Ro-House","description":"Oaxaca, Mexico","publisher":{"@id":"https:\/\/ro-house.com\/#organization"},"potentialAction":[{"@type":"SearchAction","target":{"@type":"EntryPoint","urlTemplate":"https:\/\/ro-house.com\/?s={search_term_string}"},"query-input":{"@type":"PropertyValueSpecification","valueRequired":true,"valueName":"search_term_string"}}],"inLanguage":"en-US"},{"@type":"Organization","@id":"https:\/\/ro-house.com\/#organization","name":"Ro-House","url":"https:\/\/ro-house.com\/","logo":{"@type":"ImageObject","inLanguage":"en-US","@id":"https:\/\/ro-house.com\/#\/schema\/logo\/image\/","url":"","contentUrl":"","caption":"Ro-House"},"image":{"@id":"https:\/\/ro-house.com\/#\/schema\/logo\/image\/"}}]}},"_links":{"self":[{"href":"https:\/\/ro-house.com\/en\/wp-json\/wp\/v2\/pages\/4400","targetHints":{"allow":["GET"]}}],"collection":[{"href":"https:\/\/ro-house.com\/en\/wp-json\/wp\/v2\/pages"}],"about":[{"href":"https:\/\/ro-house.com\/en\/wp-json\/wp\/v2\/types\/page"}],"author":[{"embeddable":true,"href":"https:\/\/ro-house.com\/en\/wp-json\/wp\/v2\/users\/3"}],"replies":[{"embeddable":true,"href":"https:\/\/ro-house.com\/en\/wp-json\/wp\/v2\/comments?post=4400"}],"version-history":[{"count":7,"href":"https:\/\/ro-house.com\/en\/wp-json\/wp\/v2\/pages\/4400\/revisions"}],"predecessor-version":[{"id":4444,"href":"https:\/\/ro-house.com\/en\/wp-json\/wp\/v2\/pages\/4400\/revisions\/4444"}],"up":[{"embeddable":true,"href":"https:\/\/ro-house.com\/en\/wp-json\/wp\/v2\/pages\/951"}],"wp:featuredmedia":[{"embeddable":true,"href":"https:\/\/ro-house.com\/en\/wp-json\/wp\/v2\/media\/4403"}],"wp:attachment":[{"href":"https:\/\/ro-house.com\/en\/wp-json\/wp\/v2\/media?parent=4400"}],"curies":[{"name":"wp","href":"https:\/\/api.w.org\/{rel}","templated":true}]}}