{"id":48,"date":"2018-11-13T13:45:18","date_gmt":"2018-11-13T19:45:18","guid":{"rendered":"https:\/\/themes.getmotopress.com\/palmeria\/?page_id=48"},"modified":"2024-05-08T22:13:47","modified_gmt":"2024-05-09T03:13:47","slug":"la-historia-de-rohouse","status":"publish","type":"page","link":"https:\/\/ro-house.com\/en\/departamentos-en-oaxaca\/la-historia-de-rohouse\/","title":{"rendered":"The Story Of Ro-House"},"content":{"rendered":"<p>In <strong>Ro-House<\/strong>Since 1997, we take care of your vacation experience: first-class rooms, excellent services and the best facilities. In our complex you will find what you are looking for in an apartment in Oaxaca, to immerse yourself in an atmosphere of relaxation and to know many interesting places.<\/p>\n\n\n\n<p>Take advantage of the opportunity to stay in these beautiful apartments during your next visit to Oaxaca, located inside a traditional house.<\/p>\n\n\n\n<div class=\"wp-block-columns is-layout-flex wp-container-core-columns-is-layout-9d6595d7 wp-block-columns-is-layout-flex\">\n<div class=\"wp-block-column is-layout-flow wp-block-column-is-layout-flow\"><div class=\"wp-block-image\">\n<figure class=\"aligncenter size-large is-resized\"><a href=\"https:\/\/www.airbnb.mx\/users\/show\/40963932\" target=\"_blank\" rel=\"noopener noreferrer\"><img fetchpriority=\"high\" decoding=\"async\" width=\"1024\" height=\"1024\" src=\"https:\/\/ro-house.com\/wp-content\/uploads\/2020\/11\/Ro-house-Airbnb-logo2-1024x1024.png\" alt=\"airbnb logo\" class=\"wp-image-4953\" style=\"width:256px;height:256px\" srcset=\"https:\/\/ro-house.com\/wp-content\/uploads\/2020\/11\/Ro-house-Airbnb-logo2.png 1024w, https:\/\/ro-house.com\/wp-content\/uploads\/2020\/11\/Ro-house-Airbnb-logo2-300x300.png 300w, https:\/\/ro-house.com\/wp-content\/uploads\/2020\/11\/Ro-house-Airbnb-logo2-150x150.png 150w, https:\/\/ro-house.com\/wp-content\/uploads\/2020\/11\/Ro-house-Airbnb-logo2-768x768.png 768w, https:\/\/ro-house.com\/wp-content\/uploads\/2020\/11\/Ro-house-Airbnb-logo2-12x12.png 12w, https:\/\/ro-house.com\/wp-content\/uploads\/2020\/11\/Ro-house-Airbnb-logo2-892x892.png 892w\" sizes=\"(max-width: 1024px) 100vw, 1024px\" \/><\/a><\/figure><\/div><\/div>\n<\/div>\n\n\n\n<div class=\"wp-block-button aligncenter\"><a class=\"wp-block-button__link wp-element-button\" href=\"https:\/\/ro-house.com\/en\/acerca-de-ro-house\/\">More information<\/a><\/div>\n\n\n\n<p><\/p>","protected":false},"excerpt":{"rendered":"<p>En Ro-House, desde 1997, nos ocupamos de su experiencia vacacional: habitaciones de primera clase, excelentes servicios y la mejores instalaciones. En nuestro complejo encontrar\u00e1 lo que busca en un departamento en Oaxaca, para sumergirse en una atm\u00f3sfera de relajaci\u00f3n y conocer muchos lugares interesantes.<\/p>","protected":false},"author":3,"featured_media":1494,"parent":42,"menu_order":0,"comment_status":"closed","ping_status":"closed","template":"template-wide-page.php","meta":{"footnotes":""},"class_list":["post-48","page","type-page","status-publish","has-post-thumbnail","hentry"],"yoast_head":"<!-- This site is optimized with the Yoast SEO plugin v27.4 - https:\/\/yoast.com\/product\/yoast-seo-wordpress\/ -->\n<title>La Historia de Ro-House - Hospedaje en Oaxaca - Ro-House<\/title>\n<meta name=\"description\" content=\"Hospedaje en Oaxaca Ro-House. Aprovecha la oportunidad de hospedarte en estos bonitos departamentos durante tu pr\u00f3xima visita a Oaxaca.\" \/>\n<meta name=\"robots\" content=\"index, follow, max-snippet:-1, max-image-preview:large, max-video-preview:-1\" \/>\n<link rel=\"canonical\" href=\"https:\/\/ro-house.com\/en\/departamentos-en-oaxaca\/la-historia-de-rohouse\/\" \/>\n<meta property=\"og:locale\" content=\"en_US\" \/>\n<meta property=\"og:type\" content=\"article\" \/>\n<meta property=\"og:title\" content=\"La Historia de Ro-House - Hospedaje en Oaxaca - Ro-House\" \/>\n<meta property=\"og:description\" content=\"Hospedaje en Oaxaca Ro-House. Aprovecha la oportunidad de hospedarte en estos bonitos departamentos durante tu pr\u00f3xima visita a Oaxaca.\" \/>\n<meta property=\"og:url\" content=\"https:\/\/ro-house.com\/en\/departamentos-en-oaxaca\/la-historia-de-rohouse\/\" \/>\n<meta property=\"og:site_name\" content=\"Ro-House\" \/>\n<meta property=\"article:modified_time\" content=\"2024-05-09T03:13:47+00:00\" \/>\n<meta property=\"og:image\" content=\"https:\/\/ro-house.com\/wp-content\/uploads\/2020\/09\/Ro-House-About-02.jpg\" \/>\n\t<meta property=\"og:image:width\" content=\"1980\" \/>\n\t<meta property=\"og:image:height\" content=\"1247\" \/>\n\t<meta property=\"og:image:type\" content=\"image\/jpeg\" \/>\n<meta name=\"twitter:card\" content=\"summary_large_image\" \/>\n<meta name=\"twitter:label1\" content=\"Est. reading time\" \/>\n\t<meta name=\"twitter:data1\" content=\"1 minute\" \/>\n<script type=\"application\/ld+json\" class=\"yoast-schema-graph\">{\"@context\":\"https:\\\/\\\/schema.org\",\"@graph\":[{\"@type\":\"WebPage\",\"@id\":\"https:\\\/\\\/ro-house.com\\\/departamentos-en-oaxaca\\\/la-historia-de-rohouse\\\/\",\"url\":\"https:\\\/\\\/ro-house.com\\\/departamentos-en-oaxaca\\\/la-historia-de-rohouse\\\/\",\"name\":\"La Historia de Ro-House - Hospedaje en Oaxaca - Ro-House\",\"isPartOf\":{\"@id\":\"https:\\\/\\\/ro-house.com\\\/#website\"},\"primaryImageOfPage\":{\"@id\":\"https:\\\/\\\/ro-house.com\\\/departamentos-en-oaxaca\\\/la-historia-de-rohouse\\\/#primaryimage\"},\"image\":{\"@id\":\"https:\\\/\\\/ro-house.com\\\/departamentos-en-oaxaca\\\/la-historia-de-rohouse\\\/#primaryimage\"},\"thumbnailUrl\":\"https:\\\/\\\/ro-house.com\\\/wp-content\\\/uploads\\\/2020\\\/09\\\/Ro-House-About-02.jpg\",\"datePublished\":\"2018-11-13T19:45:18+00:00\",\"dateModified\":\"2024-05-09T03:13:47+00:00\",\"description\":\"Hospedaje en Oaxaca Ro-House. Aprovecha la oportunidad de hospedarte en estos bonitos departamentos durante tu pr\u00f3xima visita a Oaxaca.\",\"breadcrumb\":{\"@id\":\"https:\\\/\\\/ro-house.com\\\/departamentos-en-oaxaca\\\/la-historia-de-rohouse\\\/#breadcrumb\"},\"inLanguage\":\"en-US\",\"potentialAction\":[{\"@type\":\"ReadAction\",\"target\":[\"https:\\\/\\\/ro-house.com\\\/departamentos-en-oaxaca\\\/la-historia-de-rohouse\\\/\"]}]},{\"@type\":\"ImageObject\",\"inLanguage\":\"en-US\",\"@id\":\"https:\\\/\\\/ro-house.com\\\/departamentos-en-oaxaca\\\/la-historia-de-rohouse\\\/#primaryimage\",\"url\":\"https:\\\/\\\/ro-house.com\\\/wp-content\\\/uploads\\\/2020\\\/09\\\/Ro-House-About-02.jpg\",\"contentUrl\":\"https:\\\/\\\/ro-house.com\\\/wp-content\\\/uploads\\\/2020\\\/09\\\/Ro-House-About-02.jpg\",\"width\":1980,\"height\":1247,\"caption\":\"Ro-House - Patio Planta Alta\"},{\"@type\":\"BreadcrumbList\",\"@id\":\"https:\\\/\\\/ro-house.com\\\/departamentos-en-oaxaca\\\/la-historia-de-rohouse\\\/#breadcrumb\",\"itemListElement\":[{\"@type\":\"ListItem\",\"position\":1,\"name\":\"Portada\",\"item\":\"https:\\\/\\\/ro-house.com\\\/\"},{\"@type\":\"ListItem\",\"position\":2,\"name\":\"\u00a1Bienvenido!\",\"item\":\"https:\\\/\\\/ro-house.com\\\/departamentos-en-oaxaca\\\/\"},{\"@type\":\"ListItem\",\"position\":3,\"name\":\"La Historia de Ro-House\"}]},{\"@type\":\"WebSite\",\"@id\":\"https:\\\/\\\/ro-house.com\\\/#website\",\"url\":\"https:\\\/\\\/ro-house.com\\\/\",\"name\":\"Ro-House\",\"description\":\"Oaxaca, M&eacute;xico\",\"publisher\":{\"@id\":\"https:\\\/\\\/ro-house.com\\\/#organization\"},\"potentialAction\":[{\"@type\":\"SearchAction\",\"target\":{\"@type\":\"EntryPoint\",\"urlTemplate\":\"https:\\\/\\\/ro-house.com\\\/?s={search_term_string}\"},\"query-input\":{\"@type\":\"PropertyValueSpecification\",\"valueRequired\":true,\"valueName\":\"search_term_string\"}}],\"inLanguage\":\"en-US\"},{\"@type\":\"Organization\",\"@id\":\"https:\\\/\\\/ro-house.com\\\/#organization\",\"name\":\"Ro-House\",\"url\":\"https:\\\/\\\/ro-house.com\\\/\",\"logo\":{\"@type\":\"ImageObject\",\"inLanguage\":\"en-US\",\"@id\":\"https:\\\/\\\/ro-house.com\\\/#\\\/schema\\\/logo\\\/image\\\/\",\"url\":\"\",\"contentUrl\":\"\",\"caption\":\"Ro-House\"},\"image\":{\"@id\":\"https:\\\/\\\/ro-house.com\\\/#\\\/schema\\\/logo\\\/image\\\/\"}}]}<\/script>\n<!-- \/ Yoast SEO plugin. -->","yoast_head_json":{"title":"La Historia de Ro-House - Hospedaje en Oaxaca - Ro-House","description":"Hospedaje en Oaxaca Ro-House. Aprovecha la oportunidad de hospedarte en estos bonitos departamentos durante tu pr\u00f3xima visita a Oaxaca.","robots":{"index":"index","follow":"follow","max-snippet":"max-snippet:-1","max-image-preview":"max-image-preview:large","max-video-preview":"max-video-preview:-1"},"canonical":"https:\/\/ro-house.com\/en\/departamentos-en-oaxaca\/la-historia-de-rohouse\/","og_locale":"en_US","og_type":"article","og_title":"La Historia de Ro-House - Hospedaje en Oaxaca - Ro-House","og_description":"Hospedaje en Oaxaca Ro-House. Aprovecha la oportunidad de hospedarte en estos bonitos departamentos durante tu pr\u00f3xima visita a Oaxaca.","og_url":"https:\/\/ro-house.com\/en\/departamentos-en-oaxaca\/la-historia-de-rohouse\/","og_site_name":"Ro-House","article_modified_time":"2024-05-09T03:13:47+00:00","og_image":[{"width":1980,"height":1247,"url":"https:\/\/ro-house.com\/wp-content\/uploads\/2020\/09\/Ro-House-About-02.jpg","type":"image\/jpeg"}],"twitter_card":"summary_large_image","twitter_misc":{"Est. reading time":"1 minute"},"schema":{"@context":"https:\/\/schema.org","@graph":[{"@type":"WebPage","@id":"https:\/\/ro-house.com\/departamentos-en-oaxaca\/la-historia-de-rohouse\/","url":"https:\/\/ro-house.com\/departamentos-en-oaxaca\/la-historia-de-rohouse\/","name":"La Historia de Ro-House - Hospedaje en Oaxaca - Ro-House","isPartOf":{"@id":"https:\/\/ro-house.com\/#website"},"primaryImageOfPage":{"@id":"https:\/\/ro-house.com\/departamentos-en-oaxaca\/la-historia-de-rohouse\/#primaryimage"},"image":{"@id":"https:\/\/ro-house.com\/departamentos-en-oaxaca\/la-historia-de-rohouse\/#primaryimage"},"thumbnailUrl":"https:\/\/ro-house.com\/wp-content\/uploads\/2020\/09\/Ro-House-About-02.jpg","datePublished":"2018-11-13T19:45:18+00:00","dateModified":"2024-05-09T03:13:47+00:00","description":"Hospedaje en Oaxaca Ro-House. Aprovecha la oportunidad de hospedarte en estos bonitos departamentos durante tu pr\u00f3xima visita a Oaxaca.","breadcrumb":{"@id":"https:\/\/ro-house.com\/departamentos-en-oaxaca\/la-historia-de-rohouse\/#breadcrumb"},"inLanguage":"en-US","potentialAction":[{"@type":"ReadAction","target":["https:\/\/ro-house.com\/departamentos-en-oaxaca\/la-historia-de-rohouse\/"]}]},{"@type":"ImageObject","inLanguage":"en-US","@id":"https:\/\/ro-house.com\/departamentos-en-oaxaca\/la-historia-de-rohouse\/#primaryimage","url":"https:\/\/ro-house.com\/wp-content\/uploads\/2020\/09\/Ro-House-About-02.jpg","contentUrl":"https:\/\/ro-house.com\/wp-content\/uploads\/2020\/09\/Ro-House-About-02.jpg","width":1980,"height":1247,"caption":"Ro-House - Patio Planta Alta"},{"@type":"BreadcrumbList","@id":"https:\/\/ro-house.com\/departamentos-en-oaxaca\/la-historia-de-rohouse\/#breadcrumb","itemListElement":[{"@type":"ListItem","position":1,"name":"Portada","item":"https:\/\/ro-house.com\/"},{"@type":"ListItem","position":2,"name":"\u00a1Bienvenido!","item":"https:\/\/ro-house.com\/departamentos-en-oaxaca\/"},{"@type":"ListItem","position":3,"name":"La Historia de Ro-House"}]},{"@type":"WebSite","@id":"https:\/\/ro-house.com\/#website","url":"https:\/\/ro-house.com\/","name":"Ro-House","description":"Oaxaca, Mexico","publisher":{"@id":"https:\/\/ro-house.com\/#organization"},"potentialAction":[{"@type":"SearchAction","target":{"@type":"EntryPoint","urlTemplate":"https:\/\/ro-house.com\/?s={search_term_string}"},"query-input":{"@type":"PropertyValueSpecification","valueRequired":true,"valueName":"search_term_string"}}],"inLanguage":"en-US"},{"@type":"Organization","@id":"https:\/\/ro-house.com\/#organization","name":"Ro-House","url":"https:\/\/ro-house.com\/","logo":{"@type":"ImageObject","inLanguage":"en-US","@id":"https:\/\/ro-house.com\/#\/schema\/logo\/image\/","url":"","contentUrl":"","caption":"Ro-House"},"image":{"@id":"https:\/\/ro-house.com\/#\/schema\/logo\/image\/"}}]}},"_links":{"self":[{"href":"https:\/\/ro-house.com\/en\/wp-json\/wp\/v2\/pages\/48","targetHints":{"allow":["GET"]}}],"collection":[{"href":"https:\/\/ro-house.com\/en\/wp-json\/wp\/v2\/pages"}],"about":[{"href":"https:\/\/ro-house.com\/en\/wp-json\/wp\/v2\/types\/page"}],"author":[{"embeddable":true,"href":"https:\/\/ro-house.com\/en\/wp-json\/wp\/v2\/users\/3"}],"replies":[{"embeddable":true,"href":"https:\/\/ro-house.com\/en\/wp-json\/wp\/v2\/comments?post=48"}],"version-history":[{"count":36,"href":"https:\/\/ro-house.com\/en\/wp-json\/wp\/v2\/pages\/48\/revisions"}],"predecessor-version":[{"id":15373,"href":"https:\/\/ro-house.com\/en\/wp-json\/wp\/v2\/pages\/48\/revisions\/15373"}],"up":[{"embeddable":true,"href":"https:\/\/ro-house.com\/en\/wp-json\/wp\/v2\/pages\/42"}],"wp:featuredmedia":[{"embeddable":true,"href":"https:\/\/ro-house.com\/en\/wp-json\/wp\/v2\/media\/1494"}],"wp:attachment":[{"href":"https:\/\/ro-house.com\/en\/wp-json\/wp\/v2\/media?parent=48"}],"curies":[{"name":"wp","href":"https:\/\/api.w.org\/{rel}","templated":true}]}}