{"id":70,"date":"2018-11-13T13:56:09","date_gmt":"2018-11-13T19:56:09","guid":{"rendered":"https:\/\/themes.getmotopress.com\/palmeria\/?page_id=70"},"modified":"2023-02-07T18:27:55","modified_gmt":"2023-02-08T00:27:55","slug":"ponte-en-contacto","status":"publish","type":"page","link":"https:\/\/ro-house.com\/en\/departamentos-en-oaxaca\/ponte-en-contacto\/","title":{"rendered":"Get in Touch"},"content":{"rendered":"<p class=\"has-text-align-left\">Every moment of your trip is important to us and that is exactly why we want to make sure you enjoy your stay at Ro-House. Leave your comments to help us be better or share your vacation experience. <\/p>\n\n\n\n<p>We appreciate and gladly welcome your opinion and comments!&nbsp;<br><\/p>\n\n\n<style>.wp-block-kadence-spacer.kt-block-spacer-_dcd3a0-82 .kt-block-spacer{height:60px;}.wp-block-kadence-spacer.kt-block-spacer-_dcd3a0-82 .kt-divider{border-top-width:1px;height:1px;border-top-color:#b34a4a;width:80%;border-top-style:solid;}<\/style>\n<div class=\"wp-block-kadence-spacer aligncenter kt-block-spacer-_dcd3a0-82\"><div class=\"kt-block-spacer kt-block-spacer-halign-center\"><hr class=\"kt-divider\"\/><\/div><\/div>\n\n\n\n<div class=\"wp-block-columns has-3-columns is-layout-flex wp-container-core-columns-is-layout-9d6595d7 wp-block-columns-is-layout-flex\">\n<div class=\"wp-block-column is-layout-flow wp-block-column-is-layout-flow\">\n<h5 style=\"text-align: center\">\n\t<a href=\"https:\/\/ro-house.com\/en\/servicios\/\"><i class=\"fas fa-map-marker-alt\"><\/i><\/a>\n<\/h5>\n\n\n\n<h4 class=\"has-text-align-center wp-block-heading\">Location<\/h4>\n\n\n\n<p class=\"has-text-align-center has-small-font-size\">Crespo #603<br>Private Javier Castro Mantec\u00f3n-A<br>Col. Centro 68000<br>Oaxaca, Mexico<\/p>\n<\/div>\n\n\n\n<div class=\"wp-block-column is-layout-flow wp-block-column-is-layout-flow\">\n<h5 style=\"text-align: center\">\n\t<a href=\"tel:523314006491\"><i class=\"fas fa-phone\"><\/i><\/a>\n<\/h5>\n\n\n\n<h4 class=\"has-text-align-center wp-block-heading\">Reservation<\/h4>\n\n\n\n<p class=\"has-text-align-center\">Phone\/Whatsapp<\/p>\n\n\n\n<p class=\"has-text-align-center has-small-font-size\"><a href=\"https:\/\/api.whatsapp.com\/send?phone=523314006491\" target=\"_blank\" rel=\"noreferrer noopener\">+52 (331) 400 6491<\/a><\/p>\n<\/div>\n\n\n\n<div class=\"wp-block-column is-layout-flow wp-block-column-is-layout-flow\">\n<h5 style=\"text-align: center\">\n\t<a href=\"mailto:info@ro-house.com\"><i class=\"fas fa-envelope\"><\/i><\/a>\n<\/h5>\n\n\n\n<h4 class=\"has-text-align-center wp-block-heading\">Contact<\/h4>\n\n\n\n<p class=\"has-text-align-center has-small-font-size\"><a href=\"mailto:info@ro-house.com\">info@ro-house.com<\/a><br><\/p>\n<\/div>\n<\/div>\n\n\n\n<p><\/p>","protected":false},"excerpt":{"rendered":"<p>Cada momento de su viaje es importante para nosotros y es exactamente por eso que queremos asegurarnos de que disfrute de su estad\u00eda en Ro-House. Deje sus comentarios para ayudarnos a ser mejores o comparta su experiencia de vacaciones. Agradecemos su opini\u00f3n y comentarios.&nbsp; Ubicaci\u00f3n Crespo #603Privada Javier Castro Mantec\u00f3n-ACol. Centro 68000Oaxaca, M\u00e9xico Reservaciones Tel\u00e9fono\/Whatsapp [&hellip;]<\/p>\n","protected":false},"author":3,"featured_media":1499,"parent":42,"menu_order":4,"comment_status":"closed","ping_status":"closed","template":"template-wide-page.php","meta":{"footnotes":""},"class_list":["post-70","page","type-page","status-publish","has-post-thumbnail","hentry"],"yoast_head":"<!-- This site is optimized with the Yoast SEO plugin v27.5 - https:\/\/yoast.com\/product\/yoast-seo-wordpress\/ -->\n<title>Ponte en Contacto - Ro-House<\/title>\n<meta name=\"description\" content=\"Cada momento de su viaje es importante para nosotros y es exactamente por eso que queremos asegurarnos de que disfrute de su estad\u00eda en Ro-House. Deje sus\" \/>\n<meta name=\"robots\" content=\"index, follow, max-snippet:-1, max-image-preview:large, max-video-preview:-1\" \/>\n<link rel=\"canonical\" href=\"https:\/\/ro-house.com\/en\/departamentos-en-oaxaca\/ponte-en-contacto\/\" \/>\n<meta property=\"og:locale\" content=\"en_US\" \/>\n<meta property=\"og:type\" content=\"article\" \/>\n<meta property=\"og:title\" content=\"Ponte en Contacto - Ro-House\" \/>\n<meta property=\"og:description\" content=\"Cada momento de su viaje es importante para nosotros y es exactamente por eso que queremos asegurarnos de que disfrute de su estad\u00eda en Ro-House. Deje sus\" \/>\n<meta property=\"og:url\" content=\"https:\/\/ro-house.com\/en\/departamentos-en-oaxaca\/ponte-en-contacto\/\" \/>\n<meta property=\"og:site_name\" content=\"Ro-House\" \/>\n<meta property=\"article:modified_time\" content=\"2023-02-08T00:27:55+00:00\" \/>\n<meta property=\"og:image\" content=\"https:\/\/ro-house.com\/wp-content\/uploads\/2020\/09\/Ro-House-Contact-02.jpg\" \/>\n\t<meta property=\"og:image:width\" content=\"1920\" \/>\n\t<meta property=\"og:image:height\" content=\"1280\" \/>\n\t<meta property=\"og:image:type\" content=\"image\/jpeg\" \/>\n<meta name=\"twitter:card\" content=\"summary_large_image\" \/>\n<meta name=\"twitter:label1\" content=\"Est. reading time\" \/>\n\t<meta name=\"twitter:data1\" content=\"1 minute\" \/>\n<script type=\"application\/ld+json\" class=\"yoast-schema-graph\">{\"@context\":\"https:\\\/\\\/schema.org\",\"@graph\":[{\"@type\":\"WebPage\",\"@id\":\"https:\\\/\\\/ro-house.com\\\/departamentos-en-oaxaca\\\/ponte-en-contacto\\\/\",\"url\":\"https:\\\/\\\/ro-house.com\\\/departamentos-en-oaxaca\\\/ponte-en-contacto\\\/\",\"name\":\"Ponte en Contacto - Ro-House\",\"isPartOf\":{\"@id\":\"https:\\\/\\\/ro-house.com\\\/#website\"},\"primaryImageOfPage\":{\"@id\":\"https:\\\/\\\/ro-house.com\\\/departamentos-en-oaxaca\\\/ponte-en-contacto\\\/#primaryimage\"},\"image\":{\"@id\":\"https:\\\/\\\/ro-house.com\\\/departamentos-en-oaxaca\\\/ponte-en-contacto\\\/#primaryimage\"},\"thumbnailUrl\":\"https:\\\/\\\/ro-house.com\\\/wp-content\\\/uploads\\\/2020\\\/09\\\/Ro-House-Contact-02.jpg\",\"datePublished\":\"2018-11-13T19:56:09+00:00\",\"dateModified\":\"2023-02-08T00:27:55+00:00\",\"description\":\"Cada momento de su viaje es importante para nosotros y es exactamente por eso que queremos asegurarnos de que disfrute de su estad\u00eda en Ro-House. Deje sus\",\"breadcrumb\":{\"@id\":\"https:\\\/\\\/ro-house.com\\\/departamentos-en-oaxaca\\\/ponte-en-contacto\\\/#breadcrumb\"},\"inLanguage\":\"en-US\",\"potentialAction\":[{\"@type\":\"ReadAction\",\"target\":[\"https:\\\/\\\/ro-house.com\\\/departamentos-en-oaxaca\\\/ponte-en-contacto\\\/\"]}]},{\"@type\":\"ImageObject\",\"inLanguage\":\"en-US\",\"@id\":\"https:\\\/\\\/ro-house.com\\\/departamentos-en-oaxaca\\\/ponte-en-contacto\\\/#primaryimage\",\"url\":\"https:\\\/\\\/ro-house.com\\\/wp-content\\\/uploads\\\/2020\\\/09\\\/Ro-House-Contact-02.jpg\",\"contentUrl\":\"https:\\\/\\\/ro-house.com\\\/wp-content\\\/uploads\\\/2020\\\/09\\\/Ro-House-Contact-02.jpg\",\"width\":1920,\"height\":1280,\"caption\":\"Ro-House - Patio Planta Alta\"},{\"@type\":\"BreadcrumbList\",\"@id\":\"https:\\\/\\\/ro-house.com\\\/departamentos-en-oaxaca\\\/ponte-en-contacto\\\/#breadcrumb\",\"itemListElement\":[{\"@type\":\"ListItem\",\"position\":1,\"name\":\"Portada\",\"item\":\"https:\\\/\\\/ro-house.com\\\/\"},{\"@type\":\"ListItem\",\"position\":2,\"name\":\"\u00a1Bienvenido!\",\"item\":\"https:\\\/\\\/ro-house.com\\\/departamentos-en-oaxaca\\\/\"},{\"@type\":\"ListItem\",\"position\":3,\"name\":\"Ponte en Contacto\"}]},{\"@type\":\"WebSite\",\"@id\":\"https:\\\/\\\/ro-house.com\\\/#website\",\"url\":\"https:\\\/\\\/ro-house.com\\\/\",\"name\":\"Ro-House\",\"description\":\"Oaxaca, M&eacute;xico\",\"publisher\":{\"@id\":\"https:\\\/\\\/ro-house.com\\\/#organization\"},\"potentialAction\":[{\"@type\":\"SearchAction\",\"target\":{\"@type\":\"EntryPoint\",\"urlTemplate\":\"https:\\\/\\\/ro-house.com\\\/?s={search_term_string}\"},\"query-input\":{\"@type\":\"PropertyValueSpecification\",\"valueRequired\":true,\"valueName\":\"search_term_string\"}}],\"inLanguage\":\"en-US\"},{\"@type\":\"Organization\",\"@id\":\"https:\\\/\\\/ro-house.com\\\/#organization\",\"name\":\"Ro-House\",\"url\":\"https:\\\/\\\/ro-house.com\\\/\",\"logo\":{\"@type\":\"ImageObject\",\"inLanguage\":\"en-US\",\"@id\":\"https:\\\/\\\/ro-house.com\\\/#\\\/schema\\\/logo\\\/image\\\/\",\"url\":\"\",\"contentUrl\":\"\",\"caption\":\"Ro-House\"},\"image\":{\"@id\":\"https:\\\/\\\/ro-house.com\\\/#\\\/schema\\\/logo\\\/image\\\/\"}}]}<\/script>\n<!-- \/ Yoast SEO plugin. -->","yoast_head_json":{"title":"Ponte en Contacto - Ro-House","description":"Cada momento de su viaje es importante para nosotros y es exactamente por eso que queremos asegurarnos de que disfrute de su estad\u00eda en Ro-House. Deje sus","robots":{"index":"index","follow":"follow","max-snippet":"max-snippet:-1","max-image-preview":"max-image-preview:large","max-video-preview":"max-video-preview:-1"},"canonical":"https:\/\/ro-house.com\/en\/departamentos-en-oaxaca\/ponte-en-contacto\/","og_locale":"en_US","og_type":"article","og_title":"Ponte en Contacto - Ro-House","og_description":"Cada momento de su viaje es importante para nosotros y es exactamente por eso que queremos asegurarnos de que disfrute de su estad\u00eda en Ro-House. Deje sus","og_url":"https:\/\/ro-house.com\/en\/departamentos-en-oaxaca\/ponte-en-contacto\/","og_site_name":"Ro-House","article_modified_time":"2023-02-08T00:27:55+00:00","og_image":[{"width":1920,"height":1280,"url":"https:\/\/ro-house.com\/wp-content\/uploads\/2020\/09\/Ro-House-Contact-02.jpg","type":"image\/jpeg"}],"twitter_card":"summary_large_image","twitter_misc":{"Est. reading time":"1 minute"},"schema":{"@context":"https:\/\/schema.org","@graph":[{"@type":"WebPage","@id":"https:\/\/ro-house.com\/departamentos-en-oaxaca\/ponte-en-contacto\/","url":"https:\/\/ro-house.com\/departamentos-en-oaxaca\/ponte-en-contacto\/","name":"Ponte en Contacto - Ro-House","isPartOf":{"@id":"https:\/\/ro-house.com\/#website"},"primaryImageOfPage":{"@id":"https:\/\/ro-house.com\/departamentos-en-oaxaca\/ponte-en-contacto\/#primaryimage"},"image":{"@id":"https:\/\/ro-house.com\/departamentos-en-oaxaca\/ponte-en-contacto\/#primaryimage"},"thumbnailUrl":"https:\/\/ro-house.com\/wp-content\/uploads\/2020\/09\/Ro-House-Contact-02.jpg","datePublished":"2018-11-13T19:56:09+00:00","dateModified":"2023-02-08T00:27:55+00:00","description":"Cada momento de su viaje es importante para nosotros y es exactamente por eso que queremos asegurarnos de que disfrute de su estad\u00eda en Ro-House. Deje sus","breadcrumb":{"@id":"https:\/\/ro-house.com\/departamentos-en-oaxaca\/ponte-en-contacto\/#breadcrumb"},"inLanguage":"en-US","potentialAction":[{"@type":"ReadAction","target":["https:\/\/ro-house.com\/departamentos-en-oaxaca\/ponte-en-contacto\/"]}]},{"@type":"ImageObject","inLanguage":"en-US","@id":"https:\/\/ro-house.com\/departamentos-en-oaxaca\/ponte-en-contacto\/#primaryimage","url":"https:\/\/ro-house.com\/wp-content\/uploads\/2020\/09\/Ro-House-Contact-02.jpg","contentUrl":"https:\/\/ro-house.com\/wp-content\/uploads\/2020\/09\/Ro-House-Contact-02.jpg","width":1920,"height":1280,"caption":"Ro-House - Patio Planta Alta"},{"@type":"BreadcrumbList","@id":"https:\/\/ro-house.com\/departamentos-en-oaxaca\/ponte-en-contacto\/#breadcrumb","itemListElement":[{"@type":"ListItem","position":1,"name":"Portada","item":"https:\/\/ro-house.com\/"},{"@type":"ListItem","position":2,"name":"\u00a1Bienvenido!","item":"https:\/\/ro-house.com\/departamentos-en-oaxaca\/"},{"@type":"ListItem","position":3,"name":"Ponte en Contacto"}]},{"@type":"WebSite","@id":"https:\/\/ro-house.com\/#website","url":"https:\/\/ro-house.com\/","name":"Ro-House","description":"Oaxaca, Mexico","publisher":{"@id":"https:\/\/ro-house.com\/#organization"},"potentialAction":[{"@type":"SearchAction","target":{"@type":"EntryPoint","urlTemplate":"https:\/\/ro-house.com\/?s={search_term_string}"},"query-input":{"@type":"PropertyValueSpecification","valueRequired":true,"valueName":"search_term_string"}}],"inLanguage":"en-US"},{"@type":"Organization","@id":"https:\/\/ro-house.com\/#organization","name":"Ro-House","url":"https:\/\/ro-house.com\/","logo":{"@type":"ImageObject","inLanguage":"en-US","@id":"https:\/\/ro-house.com\/#\/schema\/logo\/image\/","url":"","contentUrl":"","caption":"Ro-House"},"image":{"@id":"https:\/\/ro-house.com\/#\/schema\/logo\/image\/"}}]}},"_links":{"self":[{"href":"https:\/\/ro-house.com\/en\/wp-json\/wp\/v2\/pages\/70","targetHints":{"allow":["GET"]}}],"collection":[{"href":"https:\/\/ro-house.com\/en\/wp-json\/wp\/v2\/pages"}],"about":[{"href":"https:\/\/ro-house.com\/en\/wp-json\/wp\/v2\/types\/page"}],"author":[{"embeddable":true,"href":"https:\/\/ro-house.com\/en\/wp-json\/wp\/v2\/users\/3"}],"replies":[{"embeddable":true,"href":"https:\/\/ro-house.com\/en\/wp-json\/wp\/v2\/comments?post=70"}],"version-history":[{"count":18,"href":"https:\/\/ro-house.com\/en\/wp-json\/wp\/v2\/pages\/70\/revisions"}],"predecessor-version":[{"id":12809,"href":"https:\/\/ro-house.com\/en\/wp-json\/wp\/v2\/pages\/70\/revisions\/12809"}],"up":[{"embeddable":true,"href":"https:\/\/ro-house.com\/en\/wp-json\/wp\/v2\/pages\/42"}],"wp:featuredmedia":[{"embeddable":true,"href":"https:\/\/ro-house.com\/en\/wp-json\/wp\/v2\/media\/1499"}],"wp:attachment":[{"href":"https:\/\/ro-house.com\/en\/wp-json\/wp\/v2\/media?parent=70"}],"curies":[{"name":"wp","href":"https:\/\/api.w.org\/{rel}","templated":true}]}}