{"id":957,"date":"2020-08-10T02:01:19","date_gmt":"2020-08-10T07:01:19","guid":{"rendered":"https:\/\/ro-house.com\/?page_id=957"},"modified":"2020-10-25T14:21:57","modified_gmt":"2020-10-25T20:21:57","slug":"la-ciudad","status":"publish","type":"page","link":"https:\/\/ro-house.com\/en\/oaxaca\/la-ciudad\/","title":{"rendered":"The City and Surroundings"},"content":{"rendered":"<p style=\"font-size:12px;color:#999999;\"><a href=\"https:\/\/ro-house.com\/en\/\">Ro-House<\/a> \u00bb <a href=\"https:\/\/ro-house.com\/en\/oaxaca\/\">Oaxaca<\/a> \u00bb The City and Surroundings<\/p>\n\n\n<div class=\"heateor_sss_sharing_container heateor_sss_horizontal_sharing\" data-heateor-ss-offset=\"0\" data-heateor-sss-href='https:\/\/ro-house.com\/en\/oaxaca\/la-ciudad\/'><div class=\"heateor_sss_sharing_ul\"><a aria-label=\"Facebook\" class=\"heateor_sss_facebook\" href=\"https:\/\/www.facebook.com\/sharer\/sharer.php?u=https%3A%2F%2Fro-house.com%2Fen%2Foaxaca%2Fla-ciudad%2F\" title=\"Facebook\" rel=\"nofollow noopener\" target=\"_blank\" style=\"font-size:32px!important;box-shadow:none;display:inline-block;vertical-align:middle\"><span class=\"heateor_sss_svg\" style=\"background-color:#0765FE;width:35px;height:35px;border-radius:999px;display:inline-block;opacity:1;float:left;font-size:32px;box-shadow:none;display:inline-block;font-size:16px;padding:0 4px;vertical-align:middle;background-repeat:repeat;overflow:hidden;padding:0;cursor:pointer;box-sizing:content-box\"><svg style=\"display:block;border-radius:999px;\" focusable=\"false\" aria-hidden=\"true\" xmlns=\"http:\/\/www.w3.org\/2000\/svg\" width=\"100%\" height=\"100%\" viewbox=\"0 0 32 32\"><path fill=\"#fff\" d=\"M28 16c0-6.627-5.373-12-12-12S4 9.373 4 16c0 5.628 3.875 10.35 9.101 11.647v-7.98h-2.474V16H13.1v-1.58c0-4.085 1.849-5.978 5.859-5.978.76 0 2.072.15 2.608.298v3.325c-.283-.03-.775-.045-1.386-.045-1.967 0-2.728.745-2.728 2.683V16h3.92l-.673 3.667h-3.247v8.245C23.395 27.195 28 22.135 28 16Z\"><\/path><\/svg><\/span><\/a><a aria-label=\"Twitter\" class=\"heateor_sss_button_twitter\" href=\"https:\/\/twitter.com\/intent\/tweet?text=La%20Ciudad%20y%20Alrededores&url=https%3A%2F%2Fro-house.com%2Fen%2Foaxaca%2Fla-ciudad%2F\" title=\"Twitter\" rel=\"nofollow noopener\" target=\"_blank\" style=\"font-size:32px!important;box-shadow:none;display:inline-block;vertical-align:middle\"><span class=\"heateor_sss_svg heateor_sss_s__default heateor_sss_s_twitter\" style=\"background-color:#55acee;width:35px;height:35px;border-radius:999px;display:inline-block;opacity:1;float:left;font-size:32px;box-shadow:none;display:inline-block;font-size:16px;padding:0 4px;vertical-align:middle;background-repeat:repeat;overflow:hidden;padding:0;cursor:pointer;box-sizing:content-box\"><svg style=\"display:block;border-radius:999px;\" focusable=\"false\" aria-hidden=\"true\" xmlns=\"http:\/\/www.w3.org\/2000\/svg\" width=\"100%\" height=\"100%\" viewbox=\"-4 -4 39 39\"><path d=\"M28 8.557a9.913 9.913 0 0 1-2.828.775 4.93 4.93 0 0 0 2.166-2.725 9.738 9.738 0 0 1-3.13 1.194 4.92 4.92 0 0 0-3.593-1.55 4.924 4.924 0 0 0-4.794 6.049c-4.09-.21-7.72-2.17-10.15-5.15a4.942 4.942 0 0 0-.665 2.477c0 1.71.87 3.214 2.19 4.1a4.968 4.968 0 0 1-2.23-.616v.06c0 2.39 1.7 4.38 3.952 4.83-.414.115-.85.174-1.297.174-.318 0-.626-.03-.928-.086a4.935 4.935 0 0 0 4.6 3.42 9.893 9.893 0 0 1-6.114 2.107c-.398 0-.79-.023-1.175-.068a13.953 13.953 0 0 0 7.55 2.213c9.056 0 14.01-7.507 14.01-14.013 0-.213-.005-.426-.015-.637.96-.695 1.795-1.56 2.455-2.55z\" fill=\"#fff\"><\/path><\/svg><\/span><\/a><a aria-label=\"Pinterest\" class=\"heateor_sss_button_pinterest\" href=\"https:\/\/ro-house.com\/en\/oaxaca\/la-ciudad\/\" onclick=\"event.preventDefault();javascript:void( (function() {var e=document.createElement('script' );e.setAttribute('type','text\/javascript' );e.setAttribute('charset','UTF-8' );e.setAttribute('src','\/\/assets.pinterest.com\/js\/pinmarklet.js?r='+Math.random()*99999999);document.body.appendChild(e)})());\" title=\"Pinterest\" rel=\"noopener\" style=\"font-size:32px!important;box-shadow:none;display:inline-block;vertical-align:middle\"><span class=\"heateor_sss_svg heateor_sss_s__default heateor_sss_s_pinterest\" style=\"background-color:#cc2329;width:35px;height:35px;border-radius:999px;display:inline-block;opacity:1;float:left;font-size:32px;box-shadow:none;display:inline-block;font-size:16px;padding:0 4px;vertical-align:middle;background-repeat:repeat;overflow:hidden;padding:0;cursor:pointer;box-sizing:content-box\"><svg style=\"display:block;border-radius:999px;\" focusable=\"false\" aria-hidden=\"true\" xmlns=\"http:\/\/www.w3.org\/2000\/svg\" width=\"100%\" height=\"100%\" viewbox=\"-2 -2 35 35\"><path fill=\"#fff\" d=\"M16.539 4.5c-6.277 0-9.442 4.5-9.442 8.253 0 2.272.86 4.293 2.705 5.046.303.125.574.005.662-.33.061-.231.205-.816.27-1.06.088-.331.053-.447-.191-.736-.532-.627-.873-1.439-.873-2.591 0-3.338 2.498-6.327 6.505-6.327 3.548 0 5.497 2.168 5.497 5.062 0 3.81-1.686 7.025-4.188 7.025-1.382 0-2.416-1.142-2.085-2.545.397-1.674 1.166-3.48 1.166-4.689 0-1.081-.581-1.983-1.782-1.983-1.413 0-2.548 1.462-2.548 3.419 0 1.247.421 2.091.421 2.091l-1.699 7.199c-.505 2.137-.076 4.755-.039 5.019.021.158.223.196.314.077.13-.17 1.813-2.247 2.384-4.324.162-.587.929-3.631.929-3.631.46.876 1.801 1.646 3.227 1.646 4.247 0 7.128-3.871 7.128-9.053.003-3.918-3.317-7.568-8.361-7.568z\"\/><\/svg><\/span><\/a><a aria-label=\"WhatsApp\" class=\"heateor_sss_whatsapp\" href=\"https:\/\/api.whatsapp.com\/send?text=La%20Ciudad%20y%20Alrededores%20https%3A%2F%2Fro-house.com%2Fen%2Foaxaca%2Fla-ciudad%2F\" title=\"WhatsApp\" rel=\"nofollow noopener\" target=\"_blank\" style=\"font-size:32px!important;box-shadow:none;display:inline-block;vertical-align:middle\"><span class=\"heateor_sss_svg\" style=\"background-color:#55eb4c;width:35px;height:35px;border-radius:999px;display:inline-block;opacity:1;float:left;font-size:32px;box-shadow:none;display:inline-block;font-size:16px;padding:0 4px;vertical-align:middle;background-repeat:repeat;overflow:hidden;padding:0;cursor:pointer;box-sizing:content-box\"><svg style=\"display:block;border-radius:999px;\" focusable=\"false\" aria-hidden=\"true\" xmlns=\"http:\/\/www.w3.org\/2000\/svg\" width=\"100%\" height=\"100%\" viewbox=\"-6 -5 40 40\"><path class=\"heateor_sss_svg_stroke heateor_sss_no_fill\" stroke=\"#fff\" stroke-width=\"2\" fill=\"none\" d=\"M 11.579798566743314 24.396926207859085 A 10 10 0 1 0 6.808479557110079 20.73576436351046\"><\/path><path d=\"M 7 19 l -1 6 l 6 -1\" class=\"heateor_sss_no_fill heateor_sss_svg_stroke\" stroke=\"#fff\" stroke-width=\"2\" fill=\"none\"><\/path><path d=\"M 10 10 q -1 8 8 11 c 5 -1 0 -6 -1 -3 q -4 -3 -5 -5 c 4 -2 -1 -5 -1 -4\" fill=\"#fff\"><\/path><\/svg><\/span><\/a><a aria-label=\"Instagram\" class=\"heateor_sss_button_instagram\" href=\"https:\/\/www.instagram.com\/\" title=\"Instagram\" rel=\"nofollow noopener\" target=\"_blank\" style=\"font-size:32px!important;box-shadow:none;display:inline-block;vertical-align:middle\"><span class=\"heateor_sss_svg\" style=\"background-color:#53beee;width:35px;height:35px;border-radius:999px;display:inline-block;opacity:1;float:left;font-size:32px;box-shadow:none;display:inline-block;font-size:16px;padding:0 4px;vertical-align:middle;background-repeat:repeat;overflow:hidden;padding:0;cursor:pointer;box-sizing:content-box\"><svg style=\"display:block;border-radius:999px;\" version=\"1.1\" viewbox=\"-10 -10 148 148\" width=\"100%\" height=\"100%\" xml:space=\"preserve\" xmlns=\"http:\/\/www.w3.org\/2000\/svg\" xmlns:xlink=\"http:\/\/www.w3.org\/1999\/xlink\"><g><g><path d=\"M86,112H42c-14.336,0-26-11.663-26-26V42c0-14.337,11.664-26,26-26h44c14.337,0,26,11.663,26,26v44 C112,100.337,100.337,112,86,112z M42,24c-9.925,0-18,8.074-18,18v44c0,9.925,8.075,18,18,18h44c9.926,0,18-8.075,18-18V42 c0-9.926-8.074-18-18-18H42z\" fill=\"#fff\"><\/path><\/g><g><path d=\"M64,88c-13.234,0-24-10.767-24-24c0-13.234,10.766-24,24-24s24,10.766,24,24C88,77.233,77.234,88,64,88z M64,48c-8.822,0-16,7.178-16,16s7.178,16,16,16c8.822,0,16-7.178,16-16S72.822,48,64,48z\" fill=\"#fff\"><\/path><\/g><g><circle cx=\"89.5\" cy=\"38.5\" fill=\"#fff\" r=\"5.5\"><\/circle><\/g><\/g><\/svg><\/span><\/a><a class=\"heateor_sss_more\" aria-label=\"More\" title=\"More\" rel=\"nofollow noopener\" style=\"font-size: 32px!important;border:0;box-shadow:none;display:inline-block!important;font-size:16px;padding:0 4px;vertical-align: middle;display:inline;\" href=\"https:\/\/ro-house.com\/en\/oaxaca\/la-ciudad\/\" onclick=\"event.preventDefault()\"><span class=\"heateor_sss_svg\" style=\"background-color:#ee8e2d;width:35px;height:35px;border-radius:999px;display:inline-block!important;opacity:1;float:left;font-size:32px!important;box-shadow:none;display:inline-block;font-size:16px;padding:0 4px;vertical-align:middle;display:inline;background-repeat:repeat;overflow:hidden;padding:0;cursor:pointer;box-sizing:content-box;\" onclick=\"heateorSssMoreSharingPopup(this, 'https:\/\/ro-house.com\/en\/oaxaca\/la-ciudad\/', 'La%20Ciudad%20y%20Alrededores', '' )\"><svg xmlns=\"http:\/\/www.w3.org\/2000\/svg\" xmlns:xlink=\"http:\/\/www.w3.org\/1999\/xlink\" viewbox=\"-.3 0 32 32\" version=\"1.1\" width=\"100%\" height=\"100%\" style=\"display:block;border-radius:999px;\" xml:space=\"preserve\"><g><path fill=\"#fff\" d=\"M18 14V8h-4v6H8v4h6v6h4v-6h6v-4h-6z\" fill-rule=\"evenodd\"><\/path><\/g><\/svg><\/span><\/a><\/div><div class=\"heateorSssClear\"><\/div><\/div>\n\n\n\n<p>In the <strong>Oaxaca City<\/strong> there are the most important historical monuments of the state, various museums and buildings with beautiful facades that adorn the cobbled streets are located. The Historic Center of Oaxaca is considered a Cultural Heritage of Humanity by Unesco.<\/p>\n\n\n\n<p>Wherever you look you can admire something, from green mountains to buildings of great beauty that enrich this part of the city. Get to know the Museum of Contemporary Art, the Cathedral, the <strong>Cultural Center of Santo Domingo<\/strong> and the Rufino Tamayo Pre-Hispanic Art Museum, among other tourist sites.<\/p>\n\n\n        <div class=\"wp-block-getwid-custom-post-type custom-post-type-post has-layout-grid has-spacing-small post_list_ro-house\">\n            <div class=\"wp-block-getwid-custom-post-type__wrapper getwid-columns getwid-columns-4\">\n                <p>Nothing found.<\/p>            <\/div>\n\n                    <\/div>\n        \n\n\n\n\n<div data-post-id=\"3394\" class=\"insert-page insert-page-3394\">\n<div data-gyg-href=\"https:\/\/widget.getyourguide.com\/default\/activities.frame\" data-gyg-locale-code=\"en-US\" data-gyg-widget=\"activities\" data-gyg-number-of-items=\"8\" data-gyg-partner-id=\"BPWK6EP\" data-gyg-q=\"oaxaca%20city\"><\/div>\n\n\n\n<div class=\"wp-block-buttons is-content-justification-center is-layout-flex wp-container-core-buttons-is-layout-16018d1d wp-block-buttons-is-layout-flex\"><\/div>\n<\/div>\n\n\n\n<p><\/p>","protected":false},"excerpt":{"rendered":"<p>In the City of Oaxaca there are the most important historical monuments of the state, various museums and buildings with beautiful facades that adorn the cobbled streets are located. The Historic Center of Oaxaca is considered a Cultural Heritage of Humanity by Unesco. Wherever you look you can admire something, from green mountains to buildings of great beauty that enrich this part of the city. Get to know the Museum of Contemporary Art, the Cathedral, the Cultural Center of Santo Domingo and the Rufino Tamayo Museum of Pre-Hispanic Art, among other tourist sites.<\/p>","protected":false},"author":3,"featured_media":1521,"parent":951,"menu_order":0,"comment_status":"closed","ping_status":"closed","template":"template-wide-page.php","meta":{"footnotes":""},"class_list":["post-957","page","type-page","status-publish","has-post-thumbnail","hentry"],"yoast_head":"<!-- This site is optimized with the Yoast SEO plugin v27.5 - https:\/\/yoast.com\/product\/yoast-seo-wordpress\/ -->\n<title>La Ciudad y Alrededores - Ro-House<\/title>\n<meta name=\"description\" content=\"En la Ciudad de Oaxaca se encuentran los monumentos hist\u00f3ricos m\u00e1s importantes del estado, se localizan diversos museos y edificios con hermosas fachadas que adornan las calles adoquinadas. El Centro Hist\u00f3rico de Oaxaca est\u00e1 considerado como Patrimonio Cultural de la Humanidad por la Unesco. A donde dirijas la vista puedes admirar algo, desde verdes monta\u00f1as hasta construcciones de gran belleza que enriquecen a esta parte de la ciudad. Conoce el Museo de Arte Contempor\u00e1neo, la Catedral, el Centro Cultural de Santo Domingo y el Museo de Arte Prehisp\u00e1nico Rufino Tamayo, entre otros sitios tur\u00edsticos.\" \/>\n<meta name=\"robots\" content=\"index, follow, max-snippet:-1, max-image-preview:large, max-video-preview:-1\" \/>\n<link rel=\"canonical\" href=\"https:\/\/ro-house.com\/en\/oaxaca\/la-ciudad\/\" \/>\n<meta property=\"og:locale\" content=\"en_US\" \/>\n<meta property=\"og:type\" content=\"article\" \/>\n<meta property=\"og:title\" content=\"La Ciudad y Alrededores - Ro-House\" \/>\n<meta property=\"og:description\" content=\"En la Ciudad de Oaxaca se encuentran los monumentos hist\u00f3ricos m\u00e1s importantes del estado, se localizan diversos museos y edificios con hermosas fachadas que adornan las calles adoquinadas. El Centro Hist\u00f3rico de Oaxaca est\u00e1 considerado como Patrimonio Cultural de la Humanidad por la Unesco. A donde dirijas la vista puedes admirar algo, desde verdes monta\u00f1as hasta construcciones de gran belleza que enriquecen a esta parte de la ciudad. Conoce el Museo de Arte Contempor\u00e1neo, la Catedral, el Centro Cultural de Santo Domingo y el Museo de Arte Prehisp\u00e1nico Rufino Tamayo, entre otros sitios tur\u00edsticos.\" \/>\n<meta property=\"og:url\" content=\"https:\/\/ro-house.com\/en\/oaxaca\/la-ciudad\/\" \/>\n<meta property=\"og:site_name\" content=\"Ro-House\" \/>\n<meta property=\"article:modified_time\" content=\"2020-10-25T20:21:57+00:00\" \/>\n<meta property=\"og:image\" content=\"https:\/\/ro-house.com\/wp-content\/uploads\/2020\/09\/Oaxaca-Cover-01.jpg\" \/>\n\t<meta property=\"og:image:width\" content=\"1920\" \/>\n\t<meta property=\"og:image:height\" content=\"1280\" \/>\n\t<meta property=\"og:image:type\" content=\"image\/jpeg\" \/>\n<meta name=\"twitter:card\" content=\"summary_large_image\" \/>\n<meta name=\"twitter:label1\" content=\"Est. reading time\" \/>\n\t<meta name=\"twitter:data1\" content=\"1 minute\" \/>\n<script type=\"application\/ld+json\" class=\"yoast-schema-graph\">{\"@context\":\"https:\\\/\\\/schema.org\",\"@graph\":[{\"@type\":\"WebPage\",\"@id\":\"https:\\\/\\\/ro-house.com\\\/oaxaca\\\/la-ciudad\\\/\",\"url\":\"https:\\\/\\\/ro-house.com\\\/oaxaca\\\/la-ciudad\\\/\",\"name\":\"La Ciudad y Alrededores - Ro-House\",\"isPartOf\":{\"@id\":\"https:\\\/\\\/ro-house.com\\\/#website\"},\"primaryImageOfPage\":{\"@id\":\"https:\\\/\\\/ro-house.com\\\/oaxaca\\\/la-ciudad\\\/#primaryimage\"},\"image\":{\"@id\":\"https:\\\/\\\/ro-house.com\\\/oaxaca\\\/la-ciudad\\\/#primaryimage\"},\"thumbnailUrl\":\"https:\\\/\\\/ro-house.com\\\/wp-content\\\/uploads\\\/2020\\\/09\\\/Oaxaca-Cover-01.jpg\",\"datePublished\":\"2020-08-10T07:01:19+00:00\",\"dateModified\":\"2020-10-25T20:21:57+00:00\",\"description\":\"En la Ciudad de Oaxaca se encuentran los monumentos hist\u00f3ricos m\u00e1s importantes del estado, se localizan diversos museos y edificios con hermosas fachadas que adornan las calles adoquinadas. El Centro Hist\u00f3rico de Oaxaca est\u00e1 considerado como Patrimonio Cultural de la Humanidad por la Unesco. A donde dirijas la vista puedes admirar algo, desde verdes monta\u00f1as hasta construcciones de gran belleza que enriquecen a esta parte de la ciudad. Conoce el Museo de Arte Contempor\u00e1neo, la Catedral, el Centro Cultural de Santo Domingo y el Museo de Arte Prehisp\u00e1nico Rufino Tamayo, entre otros sitios tur\u00edsticos.\",\"breadcrumb\":{\"@id\":\"https:\\\/\\\/ro-house.com\\\/oaxaca\\\/la-ciudad\\\/#breadcrumb\"},\"inLanguage\":\"en-US\",\"potentialAction\":[{\"@type\":\"ReadAction\",\"target\":[\"https:\\\/\\\/ro-house.com\\\/oaxaca\\\/la-ciudad\\\/\"]}]},{\"@type\":\"ImageObject\",\"inLanguage\":\"en-US\",\"@id\":\"https:\\\/\\\/ro-house.com\\\/oaxaca\\\/la-ciudad\\\/#primaryimage\",\"url\":\"https:\\\/\\\/ro-house.com\\\/wp-content\\\/uploads\\\/2020\\\/09\\\/Oaxaca-Cover-01.jpg\",\"contentUrl\":\"https:\\\/\\\/ro-house.com\\\/wp-content\\\/uploads\\\/2020\\\/09\\\/Oaxaca-Cover-01.jpg\",\"width\":1920,\"height\":1280},{\"@type\":\"BreadcrumbList\",\"@id\":\"https:\\\/\\\/ro-house.com\\\/oaxaca\\\/la-ciudad\\\/#breadcrumb\",\"itemListElement\":[{\"@type\":\"ListItem\",\"position\":1,\"name\":\"Portada\",\"item\":\"https:\\\/\\\/ro-house.com\\\/\"},{\"@type\":\"ListItem\",\"position\":2,\"name\":\"Qu\u00e9 Hacer en Oaxaca\",\"item\":\"https:\\\/\\\/ro-house.com\\\/oaxaca\\\/\"},{\"@type\":\"ListItem\",\"position\":3,\"name\":\"La Ciudad y Alrededores\"}]},{\"@type\":\"WebSite\",\"@id\":\"https:\\\/\\\/ro-house.com\\\/#website\",\"url\":\"https:\\\/\\\/ro-house.com\\\/\",\"name\":\"Ro-House\",\"description\":\"Oaxaca, M&eacute;xico\",\"publisher\":{\"@id\":\"https:\\\/\\\/ro-house.com\\\/#organization\"},\"potentialAction\":[{\"@type\":\"SearchAction\",\"target\":{\"@type\":\"EntryPoint\",\"urlTemplate\":\"https:\\\/\\\/ro-house.com\\\/?s={search_term_string}\"},\"query-input\":{\"@type\":\"PropertyValueSpecification\",\"valueRequired\":true,\"valueName\":\"search_term_string\"}}],\"inLanguage\":\"en-US\"},{\"@type\":\"Organization\",\"@id\":\"https:\\\/\\\/ro-house.com\\\/#organization\",\"name\":\"Ro-House\",\"url\":\"https:\\\/\\\/ro-house.com\\\/\",\"logo\":{\"@type\":\"ImageObject\",\"inLanguage\":\"en-US\",\"@id\":\"https:\\\/\\\/ro-house.com\\\/#\\\/schema\\\/logo\\\/image\\\/\",\"url\":\"\",\"contentUrl\":\"\",\"caption\":\"Ro-House\"},\"image\":{\"@id\":\"https:\\\/\\\/ro-house.com\\\/#\\\/schema\\\/logo\\\/image\\\/\"}}]}<\/script>\n<!-- \/ Yoast SEO plugin. -->","yoast_head_json":{"title":"La Ciudad y Alrededores - Ro-House","description":"In the City of Oaxaca there are the most important historical monuments of the state, various museums and buildings with beautiful facades that adorn the cobbled streets are located. The Historic Center of Oaxaca is considered a Cultural Heritage of Humanity by Unesco. Wherever you look you can admire something, from green mountains to buildings of great beauty that enrich this part of the city. Get to know the Museum of Contemporary Art, the Cathedral, the Cultural Center of Santo Domingo and the Rufino Tamayo Museum of Pre-Hispanic Art, among other tourist sites.","robots":{"index":"index","follow":"follow","max-snippet":"max-snippet:-1","max-image-preview":"max-image-preview:large","max-video-preview":"max-video-preview:-1"},"canonical":"https:\/\/ro-house.com\/en\/oaxaca\/la-ciudad\/","og_locale":"en_US","og_type":"article","og_title":"La Ciudad y Alrededores - Ro-House","og_description":"En la Ciudad de Oaxaca se encuentran los monumentos hist\u00f3ricos m\u00e1s importantes del estado, se localizan diversos museos y edificios con hermosas fachadas que adornan las calles adoquinadas. El Centro Hist\u00f3rico de Oaxaca est\u00e1 considerado como Patrimonio Cultural de la Humanidad por la Unesco. A donde dirijas la vista puedes admirar algo, desde verdes monta\u00f1as hasta construcciones de gran belleza que enriquecen a esta parte de la ciudad. Conoce el Museo de Arte Contempor\u00e1neo, la Catedral, el Centro Cultural de Santo Domingo y el Museo de Arte Prehisp\u00e1nico Rufino Tamayo, entre otros sitios tur\u00edsticos.","og_url":"https:\/\/ro-house.com\/en\/oaxaca\/la-ciudad\/","og_site_name":"Ro-House","article_modified_time":"2020-10-25T20:21:57+00:00","og_image":[{"width":1920,"height":1280,"url":"https:\/\/ro-house.com\/wp-content\/uploads\/2020\/09\/Oaxaca-Cover-01.jpg","type":"image\/jpeg"}],"twitter_card":"summary_large_image","twitter_misc":{"Est. reading time":"1 minute"},"schema":{"@context":"https:\/\/schema.org","@graph":[{"@type":"WebPage","@id":"https:\/\/ro-house.com\/oaxaca\/la-ciudad\/","url":"https:\/\/ro-house.com\/oaxaca\/la-ciudad\/","name":"La Ciudad y Alrededores - Ro-House","isPartOf":{"@id":"https:\/\/ro-house.com\/#website"},"primaryImageOfPage":{"@id":"https:\/\/ro-house.com\/oaxaca\/la-ciudad\/#primaryimage"},"image":{"@id":"https:\/\/ro-house.com\/oaxaca\/la-ciudad\/#primaryimage"},"thumbnailUrl":"https:\/\/ro-house.com\/wp-content\/uploads\/2020\/09\/Oaxaca-Cover-01.jpg","datePublished":"2020-08-10T07:01:19+00:00","dateModified":"2020-10-25T20:21:57+00:00","description":"In the City of Oaxaca there are the most important historical monuments of the state, various museums and buildings with beautiful facades that adorn the cobbled streets are located. The Historic Center of Oaxaca is considered a Cultural Heritage of Humanity by Unesco. Wherever you look you can admire something, from green mountains to buildings of great beauty that enrich this part of the city. Get to know the Museum of Contemporary Art, the Cathedral, the Cultural Center of Santo Domingo and the Rufino Tamayo Museum of Pre-Hispanic Art, among other tourist sites.","breadcrumb":{"@id":"https:\/\/ro-house.com\/oaxaca\/la-ciudad\/#breadcrumb"},"inLanguage":"en-US","potentialAction":[{"@type":"ReadAction","target":["https:\/\/ro-house.com\/oaxaca\/la-ciudad\/"]}]},{"@type":"ImageObject","inLanguage":"en-US","@id":"https:\/\/ro-house.com\/oaxaca\/la-ciudad\/#primaryimage","url":"https:\/\/ro-house.com\/wp-content\/uploads\/2020\/09\/Oaxaca-Cover-01.jpg","contentUrl":"https:\/\/ro-house.com\/wp-content\/uploads\/2020\/09\/Oaxaca-Cover-01.jpg","width":1920,"height":1280},{"@type":"BreadcrumbList","@id":"https:\/\/ro-house.com\/oaxaca\/la-ciudad\/#breadcrumb","itemListElement":[{"@type":"ListItem","position":1,"name":"Portada","item":"https:\/\/ro-house.com\/"},{"@type":"ListItem","position":2,"name":"Qu\u00e9 Hacer en Oaxaca","item":"https:\/\/ro-house.com\/oaxaca\/"},{"@type":"ListItem","position":3,"name":"La Ciudad y Alrededores"}]},{"@type":"WebSite","@id":"https:\/\/ro-house.com\/#website","url":"https:\/\/ro-house.com\/","name":"Ro-House","description":"Oaxaca, Mexico","publisher":{"@id":"https:\/\/ro-house.com\/#organization"},"potentialAction":[{"@type":"SearchAction","target":{"@type":"EntryPoint","urlTemplate":"https:\/\/ro-house.com\/?s={search_term_string}"},"query-input":{"@type":"PropertyValueSpecification","valueRequired":true,"valueName":"search_term_string"}}],"inLanguage":"en-US"},{"@type":"Organization","@id":"https:\/\/ro-house.com\/#organization","name":"Ro-House","url":"https:\/\/ro-house.com\/","logo":{"@type":"ImageObject","inLanguage":"en-US","@id":"https:\/\/ro-house.com\/#\/schema\/logo\/image\/","url":"","contentUrl":"","caption":"Ro-House"},"image":{"@id":"https:\/\/ro-house.com\/#\/schema\/logo\/image\/"}}]}},"_links":{"self":[{"href":"https:\/\/ro-house.com\/en\/wp-json\/wp\/v2\/pages\/957","targetHints":{"allow":["GET"]}}],"collection":[{"href":"https:\/\/ro-house.com\/en\/wp-json\/wp\/v2\/pages"}],"about":[{"href":"https:\/\/ro-house.com\/en\/wp-json\/wp\/v2\/types\/page"}],"author":[{"embeddable":true,"href":"https:\/\/ro-house.com\/en\/wp-json\/wp\/v2\/users\/3"}],"replies":[{"embeddable":true,"href":"https:\/\/ro-house.com\/en\/wp-json\/wp\/v2\/comments?post=957"}],"version-history":[{"count":43,"href":"https:\/\/ro-house.com\/en\/wp-json\/wp\/v2\/pages\/957\/revisions"}],"predecessor-version":[{"id":4511,"href":"https:\/\/ro-house.com\/en\/wp-json\/wp\/v2\/pages\/957\/revisions\/4511"}],"up":[{"embeddable":true,"href":"https:\/\/ro-house.com\/en\/wp-json\/wp\/v2\/pages\/951"}],"wp:featuredmedia":[{"embeddable":true,"href":"https:\/\/ro-house.com\/en\/wp-json\/wp\/v2\/media\/1521"}],"wp:attachment":[{"href":"https:\/\/ro-house.com\/en\/wp-json\/wp\/v2\/media?parent=957"}],"curies":[{"name":"wp","href":"https:\/\/api.w.org\/{rel}","templated":true}]}}